{"id":1933,"date":"2020-06-04T14:46:10","date_gmt":"2020-06-04T14:46:10","guid":{"rendered":"https:\/\/ballooning.lt\/produktas\/skrydis-oro-balionu-kaune\/"},"modified":"2024-04-24T14:04:41","modified_gmt":"2024-04-24T11:04:41","slug":"hot-air-balloon-flight-over-kaunas","status":"publish","type":"product","link":"https:\/\/ballooning.lt\/en\/product\/hot-air-balloon-flight-over-kaunas\/","title":{"rendered":"Hot air balloon flight over Kaunas"},"content":{"rendered":"<p><strong>A hot air balloon flight in Kaunas will leave indelible impressions!<\/strong> Balloons are the oldest and most romantic air vehicle. Invented in 1783, balloons are still widely used today. Due to their aristocratic nature, hot air balloons are considered a privilege of the rich, and hot air ballooning is considered to be an aristocratic occupation.<\/p>\n<p>Kaunas Castle, Town Hall, Vytautas Church, Bernardine Monestary, Thunder House and many other must-see places at the same time. You can view all of this during a hot ar balloon flight in Kaunas.<\/p>\n<p>Hot air balloons in Kaunas usually take off in Santaka or the island of the Nemunas and, after flying through the whole city, land outside of the city. Hot air balloons in Kaunas usually take off in Santaka or the island of the Nemunas and, after flying through the whole city, land outside the city. If the wind direction is not suitable to rise in these places, the balloons can start in Pa\u017eaislis Monastery, Lap\u0117s, Rokai and elsewhere. In any case, our goal is to show you the Old Town of Kaunas from above.<\/p>\n<p><strong>Kaunas is unique in its beauty. Don&#8217;t miss the opportunity to admire Kaunas Old Town from a hot air balloon.<\/strong><\/p>\n<p><strong>The flight price include:<\/strong><\/p>\n<ul>\n<li><strong>The reservation or Gift ticket is valid for 12 months from the date of purchase for a flight over Kaunas, also over Vilnius or Trakai, Mol\u0117tai, Ukmerg\u0117, Alytus or Panev\u0117\u017eys and K\u0117dainiai (by agreement between the passenger and Ballooning.lt). <\/strong>For an extra charge, the ticket is also valid for a flight in \u0160iauliai, Klaip\u0117da region.<\/li>\n<li>Flight duration is usually 1 hour, but depending on weather conditions, air traffic control requirements and other circumstances, entertainment may last from 0:45 to 1:15 hours. The full duration of the entertainment is 3-4 hours.<\/li>\n<li>Pre-flight information is provided.<\/li>\n<li>Flight safety briefing at the balloon take-off area.<\/li>\n<li>Professional pilot services, the attention of a friendly team.<\/li>\n<li>A glass of sparkling drink after the flight.<\/li>\n<li>Flight certificate award procedure.<\/li>\n<li>Transfer of passengers from the meeting place to the balloon take-off point, as well as transfer from the balloon landing point to the meeting place.<\/li>\n<li>Passenger health insurance in the amount of 250,000 euros \/ person.<\/li>\n<li>It is possible to pay in cash or by card after the flight, as well as by transfer on the day of the flight.<\/li>\n<li>All prices include VAT.<\/li>\n<\/ul>\n","protected":false},"excerpt":{"rendered":"<p>A hot air balloon flight in Kaunas will leave indelible impressions! Balloons are the oldest and most romantic air vehicle. Invented in 1783, balloons are still widely used today. Due to their aristocratic nature, hot air balloons are considered a privilege of the rich, and hot air ballooning is considered to be an aristocratic occupation. [&hellip;]<\/p>\n","protected":false},"featured_media":2265,"template":"","meta":{"_acf_changed":false},"product_brand":[],"product_cat":[87],"product_tag":[],"class_list":{"0":"post-1933","1":"product","2":"type-product","3":"status-publish","4":"has-post-thumbnail","6":"product_cat-hot-air-balloon-flight","8":"first","9":"instock","10":"shipping-taxable","11":"purchasable","12":"product-type-variable","13":"has-default-attributes"},"acf":[],"yoast_head":"<!-- This site is optimized with the Yoast SEO plugin v26.8 - https:\/\/yoast.com\/product\/yoast-seo-wordpress\/ -->\n<title>Hot air ballooning over Kaunas | Ballooning.lt<\/title>\n<meta name=\"description\" content=\"Kaunas Castle, Town Hall, Bernardine Monastery, Thunder House and many other places of interest at the same time - you can see all this by flying in a hot air balloon.\" \/>\n<meta name=\"robots\" content=\"index, follow, max-snippet:-1, max-image-preview:large, max-video-preview:-1\" \/>\n<link rel=\"canonical\" href=\"https:\/\/ballooning.lt\/en\/product\/hot-air-balloon-flight-over-kaunas\/\" \/>\n<meta property=\"og:type\" content=\"article\" \/>\n<meta property=\"og:title\" content=\"Hot air ballooning over Kaunas | Ballooning.lt\" \/>\n<meta property=\"og:description\" content=\"Kaunas Castle, Town Hall, Bernardine Monastery, Thunder House and many other places of interest at the same time - you can see all this by flying in a hot air balloon.\" \/>\n<meta property=\"og:url\" content=\"https:\/\/ballooning.lt\/en\/product\/hot-air-balloon-flight-over-kaunas\/\" \/>\n<meta property=\"og:site_name\" content=\"Ballooning.lt\" \/>\n<meta property=\"article:modified_time\" content=\"2024-04-24T11:04:41+00:00\" \/>\n<meta property=\"og:image\" content=\"https:\/\/ballooning.lt\/wp-content\/uploads\/2020\/06\/kauno-senamiestis.jpg\" \/>\n\t<meta property=\"og:image:width\" content=\"2560\" \/>\n\t<meta property=\"og:image:height\" content=\"1920\" \/>\n\t<meta property=\"og:image:type\" content=\"image\/jpeg\" \/>\n<meta name=\"twitter:card\" content=\"summary_large_image\" \/>\n<meta name=\"twitter:label1\" content=\"Est. reading time\" \/>\n\t<meta name=\"twitter:data1\" content=\"3 minutes\" \/>\n<script type=\"application\/ld+json\" class=\"yoast-schema-graph\">{\"@context\":\"https:\/\/schema.org\",\"@graph\":[{\"@type\":\"WebPage\",\"@id\":\"https:\/\/ballooning.lt\/en\/product\/hot-air-balloon-flight-over-kaunas\/\",\"url\":\"https:\/\/ballooning.lt\/en\/product\/hot-air-balloon-flight-over-kaunas\/\",\"name\":\"Hot air ballooning over Kaunas | Ballooning.lt\",\"isPartOf\":{\"@id\":\"https:\/\/ballooning.lt\/en\/#website\"},\"primaryImageOfPage\":{\"@id\":\"https:\/\/ballooning.lt\/en\/product\/hot-air-balloon-flight-over-kaunas\/#primaryimage\"},\"image\":{\"@id\":\"https:\/\/ballooning.lt\/en\/product\/hot-air-balloon-flight-over-kaunas\/#primaryimage\"},\"thumbnailUrl\":\"https:\/\/ballooning.lt\/wp-content\/uploads\/2020\/06\/kauno-senamiestis.jpg\",\"datePublished\":\"2020-06-04T14:46:10+00:00\",\"dateModified\":\"2024-04-24T11:04:41+00:00\",\"description\":\"Kaunas Castle, Town Hall, Bernardine Monastery, Thunder House and many other places of interest at the same time - you can see all this by flying in a hot air balloon.\",\"breadcrumb\":{\"@id\":\"https:\/\/ballooning.lt\/en\/product\/hot-air-balloon-flight-over-kaunas\/#breadcrumb\"},\"inLanguage\":\"en-US\",\"potentialAction\":[{\"@type\":\"ReadAction\",\"target\":[\"https:\/\/ballooning.lt\/en\/product\/hot-air-balloon-flight-over-kaunas\/\"]}]},{\"@type\":\"ImageObject\",\"inLanguage\":\"en-US\",\"@id\":\"https:\/\/ballooning.lt\/en\/product\/hot-air-balloon-flight-over-kaunas\/#primaryimage\",\"url\":\"https:\/\/ballooning.lt\/wp-content\/uploads\/2020\/06\/kauno-senamiestis.jpg\",\"contentUrl\":\"https:\/\/ballooning.lt\/wp-content\/uploads\/2020\/06\/kauno-senamiestis.jpg\",\"width\":2560,\"height\":1920},{\"@type\":\"BreadcrumbList\",\"@id\":\"https:\/\/ballooning.lt\/en\/product\/hot-air-balloon-flight-over-kaunas\/#breadcrumb\",\"itemListElement\":[{\"@type\":\"ListItem\",\"position\":1,\"name\":\"Home\",\"item\":\"https:\/\/ballooning.lt\/en\/\"},{\"@type\":\"ListItem\",\"position\":2,\"name\":\"Flights\",\"item\":\"https:\/\/ballooning.lt\/en\/flights\/\"},{\"@type\":\"ListItem\",\"position\":3,\"name\":\"Hot air balloon flight over Kaunas\"}]},{\"@type\":\"WebSite\",\"@id\":\"https:\/\/ballooning.lt\/en\/#website\",\"url\":\"https:\/\/ballooning.lt\/en\/\",\"name\":\"Ballooning.lt\",\"description\":\"Oreivyst\u0117s Centras\",\"potentialAction\":[{\"@type\":\"SearchAction\",\"target\":{\"@type\":\"EntryPoint\",\"urlTemplate\":\"https:\/\/ballooning.lt\/en\/?s={search_term_string}\"},\"query-input\":{\"@type\":\"PropertyValueSpecification\",\"valueRequired\":true,\"valueName\":\"search_term_string\"}}],\"inLanguage\":\"en-US\"}]}<\/script>\n<!-- \/ Yoast SEO plugin. -->","yoast_head_json":{"title":"Hot air ballooning over Kaunas | Ballooning.lt","description":"Kaunas Castle, Town Hall, Bernardine Monastery, Thunder House and many other places of interest at the same time - you can see all this by flying in a hot air balloon.","robots":{"index":"index","follow":"follow","max-snippet":"max-snippet:-1","max-image-preview":"max-image-preview:large","max-video-preview":"max-video-preview:-1"},"canonical":"https:\/\/ballooning.lt\/en\/product\/hot-air-balloon-flight-over-kaunas\/","og_type":"article","og_title":"Hot air ballooning over Kaunas | Ballooning.lt","og_description":"Kaunas Castle, Town Hall, Bernardine Monastery, Thunder House and many other places of interest at the same time - you can see all this by flying in a hot air balloon.","og_url":"https:\/\/ballooning.lt\/en\/product\/hot-air-balloon-flight-over-kaunas\/","og_site_name":"Ballooning.lt","article_modified_time":"2024-04-24T11:04:41+00:00","og_image":[{"width":2560,"height":1920,"url":"https:\/\/ballooning.lt\/wp-content\/uploads\/2020\/06\/kauno-senamiestis.jpg","type":"image\/jpeg"}],"twitter_card":"summary_large_image","twitter_misc":{"Est. reading time":"3 minutes"},"schema":{"@context":"https:\/\/schema.org","@graph":[{"@type":"WebPage","@id":"https:\/\/ballooning.lt\/en\/product\/hot-air-balloon-flight-over-kaunas\/","url":"https:\/\/ballooning.lt\/en\/product\/hot-air-balloon-flight-over-kaunas\/","name":"Hot air ballooning over Kaunas | Ballooning.lt","isPartOf":{"@id":"https:\/\/ballooning.lt\/en\/#website"},"primaryImageOfPage":{"@id":"https:\/\/ballooning.lt\/en\/product\/hot-air-balloon-flight-over-kaunas\/#primaryimage"},"image":{"@id":"https:\/\/ballooning.lt\/en\/product\/hot-air-balloon-flight-over-kaunas\/#primaryimage"},"thumbnailUrl":"https:\/\/ballooning.lt\/wp-content\/uploads\/2020\/06\/kauno-senamiestis.jpg","datePublished":"2020-06-04T14:46:10+00:00","dateModified":"2024-04-24T11:04:41+00:00","description":"Kaunas Castle, Town Hall, Bernardine Monastery, Thunder House and many other places of interest at the same time - you can see all this by flying in a hot air balloon.","breadcrumb":{"@id":"https:\/\/ballooning.lt\/en\/product\/hot-air-balloon-flight-over-kaunas\/#breadcrumb"},"inLanguage":"en-US","potentialAction":[{"@type":"ReadAction","target":["https:\/\/ballooning.lt\/en\/product\/hot-air-balloon-flight-over-kaunas\/"]}]},{"@type":"ImageObject","inLanguage":"en-US","@id":"https:\/\/ballooning.lt\/en\/product\/hot-air-balloon-flight-over-kaunas\/#primaryimage","url":"https:\/\/ballooning.lt\/wp-content\/uploads\/2020\/06\/kauno-senamiestis.jpg","contentUrl":"https:\/\/ballooning.lt\/wp-content\/uploads\/2020\/06\/kauno-senamiestis.jpg","width":2560,"height":1920},{"@type":"BreadcrumbList","@id":"https:\/\/ballooning.lt\/en\/product\/hot-air-balloon-flight-over-kaunas\/#breadcrumb","itemListElement":[{"@type":"ListItem","position":1,"name":"Home","item":"https:\/\/ballooning.lt\/en\/"},{"@type":"ListItem","position":2,"name":"Flights","item":"https:\/\/ballooning.lt\/en\/flights\/"},{"@type":"ListItem","position":3,"name":"Hot air balloon flight over Kaunas"}]},{"@type":"WebSite","@id":"https:\/\/ballooning.lt\/en\/#website","url":"https:\/\/ballooning.lt\/en\/","name":"Ballooning.lt","description":"Oreivyst\u0117s Centras","potentialAction":[{"@type":"SearchAction","target":{"@type":"EntryPoint","urlTemplate":"https:\/\/ballooning.lt\/en\/?s={search_term_string}"},"query-input":{"@type":"PropertyValueSpecification","valueRequired":true,"valueName":"search_term_string"}}],"inLanguage":"en-US"}]}},"_links":{"self":[{"href":"https:\/\/ballooning.lt\/en\/wp-json\/wp\/v2\/product\/1933","targetHints":{"allow":["GET"]}}],"collection":[{"href":"https:\/\/ballooning.lt\/en\/wp-json\/wp\/v2\/product"}],"about":[{"href":"https:\/\/ballooning.lt\/en\/wp-json\/wp\/v2\/types\/product"}],"wp:featuredmedia":[{"embeddable":true,"href":"https:\/\/ballooning.lt\/en\/wp-json\/wp\/v2\/media\/2265"}],"wp:attachment":[{"href":"https:\/\/ballooning.lt\/en\/wp-json\/wp\/v2\/media?parent=1933"}],"wp:term":[{"taxonomy":"product_brand","embeddable":true,"href":"https:\/\/ballooning.lt\/en\/wp-json\/wp\/v2\/product_brand?post=1933"},{"taxonomy":"product_cat","embeddable":true,"href":"https:\/\/ballooning.lt\/en\/wp-json\/wp\/v2\/product_cat?post=1933"},{"taxonomy":"product_tag","embeddable":true,"href":"https:\/\/ballooning.lt\/en\/wp-json\/wp\/v2\/product_tag?post=1933"}],"curies":[{"name":"wp","href":"https:\/\/api.w.org\/{rel}","templated":true}]}}