{"id":1865,"date":"2020-06-04T14:51:48","date_gmt":"2020-06-04T14:51:48","guid":{"rendered":"https:\/\/ballooning.lt\/produktas\/skrydis-oro-balionu-ukmergeje\/"},"modified":"2024-04-24T13:53:22","modified_gmt":"2024-04-24T10:53:22","slug":"hot-air-balloon-flight-over-ukmerge","status":"publish","type":"product","link":"https:\/\/ballooning.lt\/en\/product\/hot-air-balloon-flight-over-ukmerge\/","title":{"rendered":"Hot air balloon flight over Ukmerg\u0117 or Anyk\u0161\u010diai"},"content":{"rendered":"<p><strong>A hot air balloon flight in Ugmerg\u0117 or Anyk\u0161\u010diai<\/strong> will leave indelible impressions! Balloons are the oldest and most romantic air vehicle. Invented in 1783, balloons are still widely used today. Due to their aristocratic nature, hot air balloons are considered a privilege of the rich, and hot air ballooning is considered to be an aristocratic occupation.<\/p>\n<p><strong>Ukmerg\u0117 Old Town is one of the seven most valuable ones in Lithuania.<\/strong> Watching it from a bird&#8217;s eye view, you can see its spectacular beauty, in which you will find: The Apostles Peter and Paul, St. Trinity churches, the old fire tower, the castle park and the city skyline.<\/p>\n<p id=\"tw-target-text\" class=\"tw-data-text tw-text-large tw-ta\" dir=\"ltr\" data-placeholder=\"Vertimas\" aria-label=\"I\u0161verstas tekstas\" data-ved=\"2ahUKEwjdtMuusdqFAxW0hf0HHcJhDd8Q3ewLegQIBRAT\"><span class=\"Y2IQFc\" lang=\"en\">\u0160ventoji flowing through the Anyk\u0161\u010diai region opens up the most impressive outcrops. One of the largest lakes in the country, Lake Rubikiai, which has 16 islands, creates a unique labyrinth of wild nature, conveniently viewed from above.<\/span><\/p>\n<p>This year, the Aviation Club invites you to see the ring of Ukmerg\u0117 district manors. While visiting Ukmerg\u0117 district, you will have an exclusive opportunity to see A. Smetona&#8217;s residence, \u0160ventup\u0117, Vaiku\u0161kis, Lyduokliai manors, Siesikai palace and the famous Tauj\u0117nai manor from a balloon basket. All historical monuments are located surrounded by beautiful nature, on the edge of lakes and rivers. Therefore, those who are indifferent to our country, nature and architecture &#8211; we invite you to see it all from another perspective \u2013 from a hot air balloon.<\/p>\n<p id=\"tw-target-text\" class=\"tw-data-text tw-text-large XcVN5d tw-ta\" dir=\"ltr\" data-placeholder=\"Vertimas\"><span lang=\"en\">Flights in Ukmerg\u0117 take place in a group of at least 6 people. Please contact us in advance for flight details.<\/span><\/p>\n<p><strong>The flight price include:<\/strong><\/p>\n<ul>\n<li><strong>The reservation or Gift ticket is valid for 12 months from the date of purchase for a flight over <\/strong><strong>Ukmerg\u0117 or Anyk\u0161\u010diai, also <\/strong><strong>Vilnius or Trakai, Kaunas, Mol\u0117tai, Alytus or Panev\u0117\u017eys and K\u0117dainiai (by agreement between the passenger and Ballooning.lt). <\/strong>For an extra charge, the ticket is also valid for a flight in \u0160iauliai, Klaip\u0117da region.<\/li>\n<li>Flight duration is usually 1 hour, but depending on weather conditions, air traffic control requirements and other circumstances, entertainment may last from 0:45 to 1:15 hours. The full duration of the entertainment is 3-4 hours.<\/li>\n<li>Pre-flight information is provided.<\/li>\n<li>Flight safety briefing at the balloon take-off area.<\/li>\n<li>Professional pilot services, the attention of a friendly team.<\/li>\n<li>A glass of sparkling drink after the flight.<\/li>\n<li>Flight certificate award procedure.<\/li>\n<li>Transfer of passengers from the meeting place to the balloon take-off point, as well as transfer from the balloon landing point to the meeting place.<\/li>\n<li>Passenger health insurance in the amount of 250,000 euros \/ person.<\/li>\n<li>It is possible to pay in cash or by card after the flight, as well as by transfer on the day of the flight.<\/li>\n<li>All prices include VAT.<\/li>\n<\/ul>\n<p>&nbsp;<\/p>\n","protected":false},"excerpt":{"rendered":"<p>A hot air balloon flight in Ugmerg\u0117 or Anyk\u0161\u010diai will leave indelible impressions! Balloons are the oldest and most romantic air vehicle. Invented in 1783, balloons are still widely used today. Due to their aristocratic nature, hot air balloons are considered a privilege of the rich, and hot air ballooning is considered to be an [&hellip;]<\/p>\n","protected":false},"featured_media":488,"template":"","meta":{"_acf_changed":false},"product_brand":[],"product_cat":[87],"product_tag":[],"class_list":{"0":"post-1865","1":"product","2":"type-product","3":"status-publish","4":"has-post-thumbnail","6":"product_cat-hot-air-balloon-flight","8":"first","9":"instock","10":"shipping-taxable","11":"purchasable","12":"product-type-variable","13":"has-default-attributes"},"acf":[],"yoast_head":"<!-- This site is optimized with the Yoast SEO plugin v26.8 - https:\/\/yoast.com\/product\/yoast-seo-wordpress\/ -->\n<title>Hot air ballooning over Ukmerg\u0117 | Ballooning.lt<\/title>\n<meta name=\"description\" content=\"We invite you to see the ring of Ukmerg\u0117 district manors. If you are indifferent to our land, nature and architecture, this hot air balloon flight is just for you!\" \/>\n<meta name=\"robots\" content=\"index, follow, max-snippet:-1, max-image-preview:large, max-video-preview:-1\" \/>\n<link rel=\"canonical\" href=\"https:\/\/ballooning.lt\/en\/product\/hot-air-balloon-flight-over-ukmerge\/\" \/>\n<meta property=\"og:type\" content=\"article\" \/>\n<meta property=\"og:title\" content=\"Hot air ballooning over Ukmerg\u0117 | Ballooning.lt\" \/>\n<meta property=\"og:description\" content=\"We invite you to see the ring of Ukmerg\u0117 district manors. If you are indifferent to our land, nature and architecture, this hot air balloon flight is just for you!\" \/>\n<meta property=\"og:url\" content=\"https:\/\/ballooning.lt\/en\/product\/hot-air-balloon-flight-over-ukmerge\/\" \/>\n<meta property=\"og:site_name\" content=\"Ballooning.lt\" \/>\n<meta property=\"article:modified_time\" content=\"2024-04-24T10:53:22+00:00\" \/>\n<meta property=\"og:image\" content=\"https:\/\/ballooning.lt\/wp-content\/uploads\/2020\/05\/ukmerge.jpg\" \/>\n\t<meta property=\"og:image:width\" content=\"1920\" \/>\n\t<meta property=\"og:image:height\" content=\"1280\" \/>\n\t<meta property=\"og:image:type\" content=\"image\/jpeg\" \/>\n<meta name=\"twitter:card\" content=\"summary_large_image\" \/>\n<meta name=\"twitter:label1\" content=\"Est. reading time\" \/>\n\t<meta name=\"twitter:data1\" content=\"3 minutes\" \/>\n<script type=\"application\/ld+json\" class=\"yoast-schema-graph\">{\"@context\":\"https:\/\/schema.org\",\"@graph\":[{\"@type\":\"WebPage\",\"@id\":\"https:\/\/ballooning.lt\/en\/product\/hot-air-balloon-flight-over-ukmerge\/\",\"url\":\"https:\/\/ballooning.lt\/en\/product\/hot-air-balloon-flight-over-ukmerge\/\",\"name\":\"Hot air ballooning over Ukmerg\u0117 | Ballooning.lt\",\"isPartOf\":{\"@id\":\"https:\/\/ballooning.lt\/en\/#website\"},\"primaryImageOfPage\":{\"@id\":\"https:\/\/ballooning.lt\/en\/product\/hot-air-balloon-flight-over-ukmerge\/#primaryimage\"},\"image\":{\"@id\":\"https:\/\/ballooning.lt\/en\/product\/hot-air-balloon-flight-over-ukmerge\/#primaryimage\"},\"thumbnailUrl\":\"https:\/\/ballooning.lt\/wp-content\/uploads\/2020\/05\/ukmerge.jpg\",\"datePublished\":\"2020-06-04T14:51:48+00:00\",\"dateModified\":\"2024-04-24T10:53:22+00:00\",\"description\":\"We invite you to see the ring of Ukmerg\u0117 district manors. If you are indifferent to our land, nature and architecture, this hot air balloon flight is just for you!\",\"breadcrumb\":{\"@id\":\"https:\/\/ballooning.lt\/en\/product\/hot-air-balloon-flight-over-ukmerge\/#breadcrumb\"},\"inLanguage\":\"en-US\",\"potentialAction\":[{\"@type\":\"ReadAction\",\"target\":[\"https:\/\/ballooning.lt\/en\/product\/hot-air-balloon-flight-over-ukmerge\/\"]}]},{\"@type\":\"ImageObject\",\"inLanguage\":\"en-US\",\"@id\":\"https:\/\/ballooning.lt\/en\/product\/hot-air-balloon-flight-over-ukmerge\/#primaryimage\",\"url\":\"https:\/\/ballooning.lt\/wp-content\/uploads\/2020\/05\/ukmerge.jpg\",\"contentUrl\":\"https:\/\/ballooning.lt\/wp-content\/uploads\/2020\/05\/ukmerge.jpg\",\"width\":1920,\"height\":1280},{\"@type\":\"BreadcrumbList\",\"@id\":\"https:\/\/ballooning.lt\/en\/product\/hot-air-balloon-flight-over-ukmerge\/#breadcrumb\",\"itemListElement\":[{\"@type\":\"ListItem\",\"position\":1,\"name\":\"Home\",\"item\":\"https:\/\/ballooning.lt\/en\/\"},{\"@type\":\"ListItem\",\"position\":2,\"name\":\"Flights\",\"item\":\"https:\/\/ballooning.lt\/en\/flights\/\"},{\"@type\":\"ListItem\",\"position\":3,\"name\":\"Hot air balloon flight over Ukmerg\u0117 or Anyk\u0161\u010diai\"}]},{\"@type\":\"WebSite\",\"@id\":\"https:\/\/ballooning.lt\/en\/#website\",\"url\":\"https:\/\/ballooning.lt\/en\/\",\"name\":\"Ballooning.lt\",\"description\":\"Oreivyst\u0117s Centras\",\"potentialAction\":[{\"@type\":\"SearchAction\",\"target\":{\"@type\":\"EntryPoint\",\"urlTemplate\":\"https:\/\/ballooning.lt\/en\/?s={search_term_string}\"},\"query-input\":{\"@type\":\"PropertyValueSpecification\",\"valueRequired\":true,\"valueName\":\"search_term_string\"}}],\"inLanguage\":\"en-US\"}]}<\/script>\n<!-- \/ Yoast SEO plugin. -->","yoast_head_json":{"title":"Hot air ballooning over Ukmerg\u0117 | Ballooning.lt","description":"We invite you to see the ring of Ukmerg\u0117 district manors. If you are indifferent to our land, nature and architecture, this hot air balloon flight is just for you!","robots":{"index":"index","follow":"follow","max-snippet":"max-snippet:-1","max-image-preview":"max-image-preview:large","max-video-preview":"max-video-preview:-1"},"canonical":"https:\/\/ballooning.lt\/en\/product\/hot-air-balloon-flight-over-ukmerge\/","og_type":"article","og_title":"Hot air ballooning over Ukmerg\u0117 | Ballooning.lt","og_description":"We invite you to see the ring of Ukmerg\u0117 district manors. If you are indifferent to our land, nature and architecture, this hot air balloon flight is just for you!","og_url":"https:\/\/ballooning.lt\/en\/product\/hot-air-balloon-flight-over-ukmerge\/","og_site_name":"Ballooning.lt","article_modified_time":"2024-04-24T10:53:22+00:00","og_image":[{"width":1920,"height":1280,"url":"https:\/\/ballooning.lt\/wp-content\/uploads\/2020\/05\/ukmerge.jpg","type":"image\/jpeg"}],"twitter_card":"summary_large_image","twitter_misc":{"Est. reading time":"3 minutes"},"schema":{"@context":"https:\/\/schema.org","@graph":[{"@type":"WebPage","@id":"https:\/\/ballooning.lt\/en\/product\/hot-air-balloon-flight-over-ukmerge\/","url":"https:\/\/ballooning.lt\/en\/product\/hot-air-balloon-flight-over-ukmerge\/","name":"Hot air ballooning over Ukmerg\u0117 | Ballooning.lt","isPartOf":{"@id":"https:\/\/ballooning.lt\/en\/#website"},"primaryImageOfPage":{"@id":"https:\/\/ballooning.lt\/en\/product\/hot-air-balloon-flight-over-ukmerge\/#primaryimage"},"image":{"@id":"https:\/\/ballooning.lt\/en\/product\/hot-air-balloon-flight-over-ukmerge\/#primaryimage"},"thumbnailUrl":"https:\/\/ballooning.lt\/wp-content\/uploads\/2020\/05\/ukmerge.jpg","datePublished":"2020-06-04T14:51:48+00:00","dateModified":"2024-04-24T10:53:22+00:00","description":"We invite you to see the ring of Ukmerg\u0117 district manors. If you are indifferent to our land, nature and architecture, this hot air balloon flight is just for you!","breadcrumb":{"@id":"https:\/\/ballooning.lt\/en\/product\/hot-air-balloon-flight-over-ukmerge\/#breadcrumb"},"inLanguage":"en-US","potentialAction":[{"@type":"ReadAction","target":["https:\/\/ballooning.lt\/en\/product\/hot-air-balloon-flight-over-ukmerge\/"]}]},{"@type":"ImageObject","inLanguage":"en-US","@id":"https:\/\/ballooning.lt\/en\/product\/hot-air-balloon-flight-over-ukmerge\/#primaryimage","url":"https:\/\/ballooning.lt\/wp-content\/uploads\/2020\/05\/ukmerge.jpg","contentUrl":"https:\/\/ballooning.lt\/wp-content\/uploads\/2020\/05\/ukmerge.jpg","width":1920,"height":1280},{"@type":"BreadcrumbList","@id":"https:\/\/ballooning.lt\/en\/product\/hot-air-balloon-flight-over-ukmerge\/#breadcrumb","itemListElement":[{"@type":"ListItem","position":1,"name":"Home","item":"https:\/\/ballooning.lt\/en\/"},{"@type":"ListItem","position":2,"name":"Flights","item":"https:\/\/ballooning.lt\/en\/flights\/"},{"@type":"ListItem","position":3,"name":"Hot air balloon flight over Ukmerg\u0117 or Anyk\u0161\u010diai"}]},{"@type":"WebSite","@id":"https:\/\/ballooning.lt\/en\/#website","url":"https:\/\/ballooning.lt\/en\/","name":"Ballooning.lt","description":"Oreivyst\u0117s Centras","potentialAction":[{"@type":"SearchAction","target":{"@type":"EntryPoint","urlTemplate":"https:\/\/ballooning.lt\/en\/?s={search_term_string}"},"query-input":{"@type":"PropertyValueSpecification","valueRequired":true,"valueName":"search_term_string"}}],"inLanguage":"en-US"}]}},"_links":{"self":[{"href":"https:\/\/ballooning.lt\/en\/wp-json\/wp\/v2\/product\/1865","targetHints":{"allow":["GET"]}}],"collection":[{"href":"https:\/\/ballooning.lt\/en\/wp-json\/wp\/v2\/product"}],"about":[{"href":"https:\/\/ballooning.lt\/en\/wp-json\/wp\/v2\/types\/product"}],"wp:featuredmedia":[{"embeddable":true,"href":"https:\/\/ballooning.lt\/en\/wp-json\/wp\/v2\/media\/488"}],"wp:attachment":[{"href":"https:\/\/ballooning.lt\/en\/wp-json\/wp\/v2\/media?parent=1865"}],"wp:term":[{"taxonomy":"product_brand","embeddable":true,"href":"https:\/\/ballooning.lt\/en\/wp-json\/wp\/v2\/product_brand?post=1865"},{"taxonomy":"product_cat","embeddable":true,"href":"https:\/\/ballooning.lt\/en\/wp-json\/wp\/v2\/product_cat?post=1865"},{"taxonomy":"product_tag","embeddable":true,"href":"https:\/\/ballooning.lt\/en\/wp-json\/wp\/v2\/product_tag?post=1865"}],"curies":[{"name":"wp","href":"https:\/\/api.w.org\/{rel}","templated":true}]}}