{"id":1814,"date":"2020-06-04T14:52:31","date_gmt":"2020-06-04T14:52:31","guid":{"rendered":"https:\/\/ballooning.lt\/produktas\/skrydis-oro-balionu-kedainiuose\/"},"modified":"2024-04-24T14:03:47","modified_gmt":"2024-04-24T11:03:47","slug":"hot-air-balloon-flight-over-kedainiai","status":"publish","type":"product","link":"https:\/\/ballooning.lt\/en\/product\/hot-air-balloon-flight-over-kedainiai\/","title":{"rendered":"Hot air balloon flight over Bir\u0161tonas or Kaunas"},"content":{"rendered":"<p><strong>A hot air balloon flight in Bir\u0161tonas or Kaunas<\/strong> will leave indelible impressions! Balloons are the oldest and most romantic air vehicle. Invented in 1783, balloons are still widely used today. Due to their aristocratic nature, hot air balloons are considered a privilege of the rich, and hot air ballooning is considered to be an aristocratic occupation.<\/p>\n<h4 id=\"tw-target-text\" class=\"tw-data-text tw-text-large tw-ta\" dir=\"ltr\" data-placeholder=\"Vertimas\" aria-label=\"I\u0161verstas tekstas\" data-ved=\"2ahUKEwjdtMuusdqFAxW0hf0HHcJhDd8Q3ewLegQIBRAT\"><span class=\"Y2IQFc\" lang=\"en\">Kaunas, the temporary capital, fascinates with its nature, the confluence of the Nemunas and N\u0117ria rivers. Meanwhile, Bir\u0161tonas wrapped not only his thoughts, but also his feelings with the bends of the river.<\/span><\/h4>\n<p id=\"tw-target-text\" class=\"tw-data-text tw-text-large XcVN5d tw-ta\" dir=\"ltr\" data-placeholder=\"Vertimas\"><span lang=\"en\">Flights in Bir\u0161tonas or Kaunas take place in a group of at least 6 people. Please contact us in advance for flight details.<\/span><\/p>\n<p><strong>The flight price include:<\/strong><\/p>\n<ul>\n<li><strong>The reservation or Gift ticket is valid for 12 months from the date of purchase for a flight over Bir\u0161tonas or Kaunas, also over Vilnius or Trakai, Mol\u0117tai, Ukmerg\u0117, Alytus, Panev\u0117\u017eys, \u0160iauliai (by agreement between the passenger and Ballooning.lt). <\/strong>For an extra charge, the ticket is also valid for a flight in Klaip\u0117da region.<\/li>\n<li>Flight duration is usually 1 hour, but depending on weather conditions, air traffic control requirements and other circumstances, entertainment may last from 0:45 to 1:15 hours. The full duration of the entertainment is 3-4 hours.<\/li>\n<li>Pre-flight information is provided.<\/li>\n<li>Flight safety briefing at the balloon take-off area.<\/li>\n<li>Professional pilot services, the attention of a friendly team.<\/li>\n<li>A glass of sparkling drink after the flight.<\/li>\n<li>Flight certificate award procedure.<\/li>\n<li>Transfer of passengers from the meeting place to the balloon take-off point, as well as transfer from the balloon landing point to the meeting place.<\/li>\n<li>Passenger health insurance in the amount of 250,000 euros \/ person.<\/li>\n<li>It is possible to pay in cash or by card after the flight, as well as by transfer on the day of the flight.<\/li>\n<li>All prices include VAT.<\/li>\n<\/ul>\n<p>&nbsp;<\/p>\n","protected":false},"excerpt":{"rendered":"<p>A hot air balloon flight in Bir\u0161tonas or Kaunas will leave indelible impressions! Balloons are the oldest and most romantic air vehicle. Invented in 1783, balloons are still widely used today. Due to their aristocratic nature, hot air balloons are considered a privilege of the rich, and hot air ballooning is considered to be an [&hellip;]<\/p>\n","protected":false},"featured_media":496,"template":"","meta":{"_acf_changed":false},"product_brand":[],"product_cat":[87],"product_tag":[],"class_list":{"0":"post-1814","1":"product","2":"type-product","3":"status-publish","4":"has-post-thumbnail","6":"product_cat-hot-air-balloon-flight","8":"first","9":"instock","10":"shipping-taxable","11":"purchasable","12":"product-type-variable","13":"has-default-attributes"},"acf":[],"yoast_head":"<!-- This site is optimized with the Yoast SEO plugin v26.8 - https:\/\/yoast.com\/product\/yoast-seo-wordpress\/ -->\n<title>Hot air ballooning over K\u0117dainiai | Ballooning.lt<\/title>\n<meta name=\"description\" content=\"The history-filled town of K\u0117dainiai invites you to a hot air balloon flight over the rooftops of the Old Town! Reserve your air balloon ride +370 652 00510\" \/>\n<meta name=\"robots\" content=\"index, follow, max-snippet:-1, max-image-preview:large, max-video-preview:-1\" \/>\n<link rel=\"canonical\" href=\"https:\/\/ballooning.lt\/en\/product\/hot-air-balloon-flight-over-kedainiai\/\" \/>\n<meta property=\"og:type\" content=\"article\" \/>\n<meta property=\"og:title\" content=\"Hot air ballooning over K\u0117dainiai | Ballooning.lt\" \/>\n<meta property=\"og:description\" content=\"The history-filled town of K\u0117dainiai invites you to a hot air balloon flight over the rooftops of the Old Town! Reserve your air balloon ride +370 652 00510\" \/>\n<meta property=\"og:url\" content=\"https:\/\/ballooning.lt\/en\/product\/hot-air-balloon-flight-over-kedainiai\/\" \/>\n<meta property=\"og:site_name\" content=\"Ballooning.lt\" \/>\n<meta property=\"article:modified_time\" content=\"2024-04-24T11:03:47+00:00\" \/>\n<meta property=\"og:image\" content=\"https:\/\/ballooning.lt\/wp-content\/uploads\/2020\/05\/kedainiai.jpeg\" \/>\n\t<meta property=\"og:image:width\" content=\"1920\" \/>\n\t<meta property=\"og:image:height\" content=\"1092\" \/>\n\t<meta property=\"og:image:type\" content=\"image\/jpeg\" \/>\n<meta name=\"twitter:card\" content=\"summary_large_image\" \/>\n<meta name=\"twitter:label1\" content=\"Est. reading time\" \/>\n\t<meta name=\"twitter:data1\" content=\"2 minutes\" \/>\n<script type=\"application\/ld+json\" class=\"yoast-schema-graph\">{\"@context\":\"https:\/\/schema.org\",\"@graph\":[{\"@type\":\"WebPage\",\"@id\":\"https:\/\/ballooning.lt\/en\/product\/hot-air-balloon-flight-over-kedainiai\/\",\"url\":\"https:\/\/ballooning.lt\/en\/product\/hot-air-balloon-flight-over-kedainiai\/\",\"name\":\"Hot air ballooning over K\u0117dainiai | Ballooning.lt\",\"isPartOf\":{\"@id\":\"https:\/\/ballooning.lt\/en\/#website\"},\"primaryImageOfPage\":{\"@id\":\"https:\/\/ballooning.lt\/en\/product\/hot-air-balloon-flight-over-kedainiai\/#primaryimage\"},\"image\":{\"@id\":\"https:\/\/ballooning.lt\/en\/product\/hot-air-balloon-flight-over-kedainiai\/#primaryimage\"},\"thumbnailUrl\":\"https:\/\/ballooning.lt\/wp-content\/uploads\/2020\/05\/kedainiai.jpeg\",\"datePublished\":\"2020-06-04T14:52:31+00:00\",\"dateModified\":\"2024-04-24T11:03:47+00:00\",\"description\":\"The history-filled town of K\u0117dainiai invites you to a hot air balloon flight over the rooftops of the Old Town! Reserve your air balloon ride +370 652 00510\",\"breadcrumb\":{\"@id\":\"https:\/\/ballooning.lt\/en\/product\/hot-air-balloon-flight-over-kedainiai\/#breadcrumb\"},\"inLanguage\":\"en-US\",\"potentialAction\":[{\"@type\":\"ReadAction\",\"target\":[\"https:\/\/ballooning.lt\/en\/product\/hot-air-balloon-flight-over-kedainiai\/\"]}]},{\"@type\":\"ImageObject\",\"inLanguage\":\"en-US\",\"@id\":\"https:\/\/ballooning.lt\/en\/product\/hot-air-balloon-flight-over-kedainiai\/#primaryimage\",\"url\":\"https:\/\/ballooning.lt\/wp-content\/uploads\/2020\/05\/kedainiai.jpeg\",\"contentUrl\":\"https:\/\/ballooning.lt\/wp-content\/uploads\/2020\/05\/kedainiai.jpeg\",\"width\":1920,\"height\":1092},{\"@type\":\"BreadcrumbList\",\"@id\":\"https:\/\/ballooning.lt\/en\/product\/hot-air-balloon-flight-over-kedainiai\/#breadcrumb\",\"itemListElement\":[{\"@type\":\"ListItem\",\"position\":1,\"name\":\"Home\",\"item\":\"https:\/\/ballooning.lt\/en\/\"},{\"@type\":\"ListItem\",\"position\":2,\"name\":\"Flights\",\"item\":\"https:\/\/ballooning.lt\/en\/flights\/\"},{\"@type\":\"ListItem\",\"position\":3,\"name\":\"Hot air balloon flight over Bir\u0161tonas or Kaunas\"}]},{\"@type\":\"WebSite\",\"@id\":\"https:\/\/ballooning.lt\/en\/#website\",\"url\":\"https:\/\/ballooning.lt\/en\/\",\"name\":\"Ballooning.lt\",\"description\":\"Oreivyst\u0117s Centras\",\"potentialAction\":[{\"@type\":\"SearchAction\",\"target\":{\"@type\":\"EntryPoint\",\"urlTemplate\":\"https:\/\/ballooning.lt\/en\/?s={search_term_string}\"},\"query-input\":{\"@type\":\"PropertyValueSpecification\",\"valueRequired\":true,\"valueName\":\"search_term_string\"}}],\"inLanguage\":\"en-US\"}]}<\/script>\n<!-- \/ Yoast SEO plugin. -->","yoast_head_json":{"title":"Hot air ballooning over K\u0117dainiai | Ballooning.lt","description":"The history-filled town of K\u0117dainiai invites you to a hot air balloon flight over the rooftops of the Old Town! Reserve your air balloon ride +370 652 00510","robots":{"index":"index","follow":"follow","max-snippet":"max-snippet:-1","max-image-preview":"max-image-preview:large","max-video-preview":"max-video-preview:-1"},"canonical":"https:\/\/ballooning.lt\/en\/product\/hot-air-balloon-flight-over-kedainiai\/","og_type":"article","og_title":"Hot air ballooning over K\u0117dainiai | Ballooning.lt","og_description":"The history-filled town of K\u0117dainiai invites you to a hot air balloon flight over the rooftops of the Old Town! Reserve your air balloon ride +370 652 00510","og_url":"https:\/\/ballooning.lt\/en\/product\/hot-air-balloon-flight-over-kedainiai\/","og_site_name":"Ballooning.lt","article_modified_time":"2024-04-24T11:03:47+00:00","og_image":[{"width":1920,"height":1092,"url":"https:\/\/ballooning.lt\/wp-content\/uploads\/2020\/05\/kedainiai.jpeg","type":"image\/jpeg"}],"twitter_card":"summary_large_image","twitter_misc":{"Est. reading time":"2 minutes"},"schema":{"@context":"https:\/\/schema.org","@graph":[{"@type":"WebPage","@id":"https:\/\/ballooning.lt\/en\/product\/hot-air-balloon-flight-over-kedainiai\/","url":"https:\/\/ballooning.lt\/en\/product\/hot-air-balloon-flight-over-kedainiai\/","name":"Hot air ballooning over K\u0117dainiai | Ballooning.lt","isPartOf":{"@id":"https:\/\/ballooning.lt\/en\/#website"},"primaryImageOfPage":{"@id":"https:\/\/ballooning.lt\/en\/product\/hot-air-balloon-flight-over-kedainiai\/#primaryimage"},"image":{"@id":"https:\/\/ballooning.lt\/en\/product\/hot-air-balloon-flight-over-kedainiai\/#primaryimage"},"thumbnailUrl":"https:\/\/ballooning.lt\/wp-content\/uploads\/2020\/05\/kedainiai.jpeg","datePublished":"2020-06-04T14:52:31+00:00","dateModified":"2024-04-24T11:03:47+00:00","description":"The history-filled town of K\u0117dainiai invites you to a hot air balloon flight over the rooftops of the Old Town! Reserve your air balloon ride +370 652 00510","breadcrumb":{"@id":"https:\/\/ballooning.lt\/en\/product\/hot-air-balloon-flight-over-kedainiai\/#breadcrumb"},"inLanguage":"en-US","potentialAction":[{"@type":"ReadAction","target":["https:\/\/ballooning.lt\/en\/product\/hot-air-balloon-flight-over-kedainiai\/"]}]},{"@type":"ImageObject","inLanguage":"en-US","@id":"https:\/\/ballooning.lt\/en\/product\/hot-air-balloon-flight-over-kedainiai\/#primaryimage","url":"https:\/\/ballooning.lt\/wp-content\/uploads\/2020\/05\/kedainiai.jpeg","contentUrl":"https:\/\/ballooning.lt\/wp-content\/uploads\/2020\/05\/kedainiai.jpeg","width":1920,"height":1092},{"@type":"BreadcrumbList","@id":"https:\/\/ballooning.lt\/en\/product\/hot-air-balloon-flight-over-kedainiai\/#breadcrumb","itemListElement":[{"@type":"ListItem","position":1,"name":"Home","item":"https:\/\/ballooning.lt\/en\/"},{"@type":"ListItem","position":2,"name":"Flights","item":"https:\/\/ballooning.lt\/en\/flights\/"},{"@type":"ListItem","position":3,"name":"Hot air balloon flight over Bir\u0161tonas or Kaunas"}]},{"@type":"WebSite","@id":"https:\/\/ballooning.lt\/en\/#website","url":"https:\/\/ballooning.lt\/en\/","name":"Ballooning.lt","description":"Oreivyst\u0117s Centras","potentialAction":[{"@type":"SearchAction","target":{"@type":"EntryPoint","urlTemplate":"https:\/\/ballooning.lt\/en\/?s={search_term_string}"},"query-input":{"@type":"PropertyValueSpecification","valueRequired":true,"valueName":"search_term_string"}}],"inLanguage":"en-US"}]}},"_links":{"self":[{"href":"https:\/\/ballooning.lt\/en\/wp-json\/wp\/v2\/product\/1814","targetHints":{"allow":["GET"]}}],"collection":[{"href":"https:\/\/ballooning.lt\/en\/wp-json\/wp\/v2\/product"}],"about":[{"href":"https:\/\/ballooning.lt\/en\/wp-json\/wp\/v2\/types\/product"}],"wp:featuredmedia":[{"embeddable":true,"href":"https:\/\/ballooning.lt\/en\/wp-json\/wp\/v2\/media\/496"}],"wp:attachment":[{"href":"https:\/\/ballooning.lt\/en\/wp-json\/wp\/v2\/media?parent=1814"}],"wp:term":[{"taxonomy":"product_brand","embeddable":true,"href":"https:\/\/ballooning.lt\/en\/wp-json\/wp\/v2\/product_brand?post=1814"},{"taxonomy":"product_cat","embeddable":true,"href":"https:\/\/ballooning.lt\/en\/wp-json\/wp\/v2\/product_cat?post=1814"},{"taxonomy":"product_tag","embeddable":true,"href":"https:\/\/ballooning.lt\/en\/wp-json\/wp\/v2\/product_tag?post=1814"}],"curies":[{"name":"wp","href":"https:\/\/api.w.org\/{rel}","templated":true}]}}