{"id":1729,"date":"2020-06-04T14:53:28","date_gmt":"2020-06-04T14:53:28","guid":{"rendered":"https:\/\/ballooning.lt\/produktas\/skrydis-oro-balionu-siauliuose\/"},"modified":"2021-02-23T11:54:04","modified_gmt":"2021-02-23T09:54:04","slug":"hot-air-balloon-flight-over-siauliai","status":"publish","type":"product","link":"https:\/\/ballooning.lt\/en\/product\/hot-air-balloon-flight-over-siauliai\/","title":{"rendered":"Hot air balloon flight over \u0160iauliai"},"content":{"rendered":"<p><strong>A hot air balloon flight in \u0160iauliai <\/strong>will leave indelible impressions!\u00a0Balloons are the oldest and most romantic air vehicle. Invented in 1783, balloons are still widely used today. Due to their aristocratic nature, hot air balloons are considered a privilege of the rich, and hot air ballooning is considered to be an aristocratic occupation.<\/p>\n<p><strong>\u0160iauliai Boulevard, the Cathedral, the Boy of the Sun, the roaring lakes of Tal\u0161a and Rekyva, Zokniai Airport \u2013 all of it on the palm of your hand flying with a hot air balloon in \u0160iauliai.\u00a0 So, shouldn\u2019t it be worth seeing?<\/strong><\/p>\n<p>\u0160iauliai is favorable for hot air balloon flights, because you can fly here in any direction and fly through the whole city. Usually the balloons rise near the \u0160iauliai bypass and land outside the city.<\/p>\n<p>There may be some a few restrictions for flights in \u0160iauliai due to Zokniai Airport, so please agree on the flight details in advance.<\/p>\n<p id=\"tw-target-text\" class=\"tw-data-text tw-text-large XcVN5d tw-ta\" dir=\"ltr\" data-placeholder=\"Vertimas\"><span lang=\"en\">Flights in \u0160iauliai take place in a group of at least 6 people. Please contact us in advance for flight details.<\/span><\/p>\n<p><strong>The flight price include:<\/strong><\/p>\n<ul>\n<li><strong>The reservation or Gift ticket is valid for 12 months from the date of purchase for a flight over <\/strong><strong>\u0160iauliai,<\/strong><strong> also over Vilnius or Trakai, Kaunas, Mol\u0117tai, Ukmerg\u0117, Alytus, Panev\u0117\u017eys or K\u0117dainiai (by agreement between the passenger and Ballooning.lt). <\/strong>For an extra charge, the ticket is also valid for a flight in Klaip\u0117da region.<\/li>\n<li>Flight duration is usually 1 hour, but depending on weather conditions, air traffic control requirements and other circumstances, entertainment may last from 0:45 to 1:15 hours. The full duration of the entertainment is 3-4 hours.<\/li>\n<li>Pre-flight information is provided.<\/li>\n<li>Flight safety briefing at the balloon take-off area.<\/li>\n<li>Professional pilot services, the attention of a friendly team.<\/li>\n<li>A glass of sparkling drink after the flight.<\/li>\n<li>Flight certificate award procedure.<\/li>\n<li>Transfer of passengers from the meeting place to the balloon take-off point, as well as transfer from the balloon landing point to the meeting place.<\/li>\n<li>Passenger health insurance in the amount of 250,000 euros \/ person.<\/li>\n<li>It is possible to pay in cash or by card after the flight, as well as by transfer on the day of the flight.<\/li>\n<li>All prices include VAT.<\/li>\n<\/ul>\n<p>&nbsp;<\/p>\n<p>&nbsp;<\/p>\n","protected":false},"excerpt":{"rendered":"<p>A hot air balloon flight in \u0160iauliai will leave indelible impressions!\u00a0Balloons are the oldest and most romantic air vehicle. Invented in 1783, balloons are still widely used today. Due to their aristocratic nature, hot air balloons are considered a privilege of the rich, and hot air ballooning is considered to be an aristocratic occupation. \u0160iauliai [&hellip;]<\/p>\n","protected":false},"featured_media":2347,"template":"","meta":{"_acf_changed":false},"product_brand":[],"product_cat":[87],"product_tag":[],"class_list":{"0":"post-1729","1":"product","2":"type-product","3":"status-publish","4":"has-post-thumbnail","6":"product_cat-hot-air-balloon-flight","8":"first","9":"instock","10":"shipping-taxable","11":"purchasable","12":"product-type-variable","13":"has-default-attributes"},"acf":[],"yoast_head":"<!-- This site is optimized with the Yoast SEO plugin v26.8 - https:\/\/yoast.com\/product\/yoast-seo-wordpress\/ -->\n<title>Hot air ballooning over \u0160iauliai | Ballooning.lt<\/title>\n<meta name=\"description\" content=\"Boulevard, Cathedral, Sundial Square, the lakes Tal\u0161a and R\u0117kyva, Zokniai Airport \u2013 everything is in the palm of your hand when riding hot air balloon over \u0160iauliai.\" \/>\n<meta name=\"robots\" content=\"index, follow, max-snippet:-1, max-image-preview:large, max-video-preview:-1\" \/>\n<link rel=\"canonical\" href=\"https:\/\/ballooning.lt\/en\/product\/hot-air-balloon-flight-over-siauliai\/\" \/>\n<meta property=\"og:type\" content=\"article\" \/>\n<meta property=\"og:title\" content=\"Hot air ballooning over \u0160iauliai | Ballooning.lt\" \/>\n<meta property=\"og:description\" content=\"Boulevard, Cathedral, Sundial Square, the lakes Tal\u0161a and R\u0117kyva, Zokniai Airport \u2013 everything is in the palm of your hand when riding hot air balloon over \u0160iauliai.\" \/>\n<meta property=\"og:url\" content=\"https:\/\/ballooning.lt\/en\/product\/hot-air-balloon-flight-over-siauliai\/\" \/>\n<meta property=\"og:site_name\" content=\"Ballooning.lt\" \/>\n<meta property=\"article:modified_time\" content=\"2021-02-23T09:54:04+00:00\" \/>\n<meta property=\"og:image\" content=\"https:\/\/ballooning.lt\/wp-content\/uploads\/2020\/06\/oro-balionu-virs-siauliu.jpg\" \/>\n\t<meta property=\"og:image:width\" content=\"1919\" \/>\n\t<meta property=\"og:image:height\" content=\"2560\" \/>\n\t<meta property=\"og:image:type\" content=\"image\/jpeg\" \/>\n<meta name=\"twitter:card\" content=\"summary_large_image\" \/>\n<meta name=\"twitter:label1\" content=\"Est. reading time\" \/>\n\t<meta name=\"twitter:data1\" content=\"2 minutes\" \/>\n<script type=\"application\/ld+json\" class=\"yoast-schema-graph\">{\"@context\":\"https:\/\/schema.org\",\"@graph\":[{\"@type\":\"WebPage\",\"@id\":\"https:\/\/ballooning.lt\/en\/product\/hot-air-balloon-flight-over-siauliai\/\",\"url\":\"https:\/\/ballooning.lt\/en\/product\/hot-air-balloon-flight-over-siauliai\/\",\"name\":\"Hot air ballooning over \u0160iauliai | Ballooning.lt\",\"isPartOf\":{\"@id\":\"https:\/\/ballooning.lt\/en\/#website\"},\"primaryImageOfPage\":{\"@id\":\"https:\/\/ballooning.lt\/en\/product\/hot-air-balloon-flight-over-siauliai\/#primaryimage\"},\"image\":{\"@id\":\"https:\/\/ballooning.lt\/en\/product\/hot-air-balloon-flight-over-siauliai\/#primaryimage\"},\"thumbnailUrl\":\"https:\/\/ballooning.lt\/wp-content\/uploads\/2020\/06\/oro-balionu-virs-siauliu.jpg\",\"datePublished\":\"2020-06-04T14:53:28+00:00\",\"dateModified\":\"2021-02-23T09:54:04+00:00\",\"description\":\"Boulevard, Cathedral, Sundial Square, the lakes Tal\u0161a and R\u0117kyva, Zokniai Airport \u2013 everything is in the palm of your hand when riding hot air balloon over \u0160iauliai.\",\"breadcrumb\":{\"@id\":\"https:\/\/ballooning.lt\/en\/product\/hot-air-balloon-flight-over-siauliai\/#breadcrumb\"},\"inLanguage\":\"en-US\",\"potentialAction\":[{\"@type\":\"ReadAction\",\"target\":[\"https:\/\/ballooning.lt\/en\/product\/hot-air-balloon-flight-over-siauliai\/\"]}]},{\"@type\":\"ImageObject\",\"inLanguage\":\"en-US\",\"@id\":\"https:\/\/ballooning.lt\/en\/product\/hot-air-balloon-flight-over-siauliai\/#primaryimage\",\"url\":\"https:\/\/ballooning.lt\/wp-content\/uploads\/2020\/06\/oro-balionu-virs-siauliu.jpg\",\"contentUrl\":\"https:\/\/ballooning.lt\/wp-content\/uploads\/2020\/06\/oro-balionu-virs-siauliu.jpg\",\"width\":1919,\"height\":2560},{\"@type\":\"BreadcrumbList\",\"@id\":\"https:\/\/ballooning.lt\/en\/product\/hot-air-balloon-flight-over-siauliai\/#breadcrumb\",\"itemListElement\":[{\"@type\":\"ListItem\",\"position\":1,\"name\":\"Home\",\"item\":\"https:\/\/ballooning.lt\/en\/\"},{\"@type\":\"ListItem\",\"position\":2,\"name\":\"Flights\",\"item\":\"https:\/\/ballooning.lt\/en\/flights\/\"},{\"@type\":\"ListItem\",\"position\":3,\"name\":\"Hot air balloon flight over \u0160iauliai\"}]},{\"@type\":\"WebSite\",\"@id\":\"https:\/\/ballooning.lt\/en\/#website\",\"url\":\"https:\/\/ballooning.lt\/en\/\",\"name\":\"Ballooning.lt\",\"description\":\"Oreivyst\u0117s Centras\",\"potentialAction\":[{\"@type\":\"SearchAction\",\"target\":{\"@type\":\"EntryPoint\",\"urlTemplate\":\"https:\/\/ballooning.lt\/en\/?s={search_term_string}\"},\"query-input\":{\"@type\":\"PropertyValueSpecification\",\"valueRequired\":true,\"valueName\":\"search_term_string\"}}],\"inLanguage\":\"en-US\"}]}<\/script>\n<!-- \/ Yoast SEO plugin. -->","yoast_head_json":{"title":"Hot air ballooning over \u0160iauliai | Ballooning.lt","description":"Boulevard, Cathedral, Sundial Square, the lakes Tal\u0161a and R\u0117kyva, Zokniai Airport \u2013 everything is in the palm of your hand when riding hot air balloon over \u0160iauliai.","robots":{"index":"index","follow":"follow","max-snippet":"max-snippet:-1","max-image-preview":"max-image-preview:large","max-video-preview":"max-video-preview:-1"},"canonical":"https:\/\/ballooning.lt\/en\/product\/hot-air-balloon-flight-over-siauliai\/","og_type":"article","og_title":"Hot air ballooning over \u0160iauliai | Ballooning.lt","og_description":"Boulevard, Cathedral, Sundial Square, the lakes Tal\u0161a and R\u0117kyva, Zokniai Airport \u2013 everything is in the palm of your hand when riding hot air balloon over \u0160iauliai.","og_url":"https:\/\/ballooning.lt\/en\/product\/hot-air-balloon-flight-over-siauliai\/","og_site_name":"Ballooning.lt","article_modified_time":"2021-02-23T09:54:04+00:00","og_image":[{"width":1919,"height":2560,"url":"https:\/\/ballooning.lt\/wp-content\/uploads\/2020\/06\/oro-balionu-virs-siauliu.jpg","type":"image\/jpeg"}],"twitter_card":"summary_large_image","twitter_misc":{"Est. reading time":"2 minutes"},"schema":{"@context":"https:\/\/schema.org","@graph":[{"@type":"WebPage","@id":"https:\/\/ballooning.lt\/en\/product\/hot-air-balloon-flight-over-siauliai\/","url":"https:\/\/ballooning.lt\/en\/product\/hot-air-balloon-flight-over-siauliai\/","name":"Hot air ballooning over \u0160iauliai | Ballooning.lt","isPartOf":{"@id":"https:\/\/ballooning.lt\/en\/#website"},"primaryImageOfPage":{"@id":"https:\/\/ballooning.lt\/en\/product\/hot-air-balloon-flight-over-siauliai\/#primaryimage"},"image":{"@id":"https:\/\/ballooning.lt\/en\/product\/hot-air-balloon-flight-over-siauliai\/#primaryimage"},"thumbnailUrl":"https:\/\/ballooning.lt\/wp-content\/uploads\/2020\/06\/oro-balionu-virs-siauliu.jpg","datePublished":"2020-06-04T14:53:28+00:00","dateModified":"2021-02-23T09:54:04+00:00","description":"Boulevard, Cathedral, Sundial Square, the lakes Tal\u0161a and R\u0117kyva, Zokniai Airport \u2013 everything is in the palm of your hand when riding hot air balloon over \u0160iauliai.","breadcrumb":{"@id":"https:\/\/ballooning.lt\/en\/product\/hot-air-balloon-flight-over-siauliai\/#breadcrumb"},"inLanguage":"en-US","potentialAction":[{"@type":"ReadAction","target":["https:\/\/ballooning.lt\/en\/product\/hot-air-balloon-flight-over-siauliai\/"]}]},{"@type":"ImageObject","inLanguage":"en-US","@id":"https:\/\/ballooning.lt\/en\/product\/hot-air-balloon-flight-over-siauliai\/#primaryimage","url":"https:\/\/ballooning.lt\/wp-content\/uploads\/2020\/06\/oro-balionu-virs-siauliu.jpg","contentUrl":"https:\/\/ballooning.lt\/wp-content\/uploads\/2020\/06\/oro-balionu-virs-siauliu.jpg","width":1919,"height":2560},{"@type":"BreadcrumbList","@id":"https:\/\/ballooning.lt\/en\/product\/hot-air-balloon-flight-over-siauliai\/#breadcrumb","itemListElement":[{"@type":"ListItem","position":1,"name":"Home","item":"https:\/\/ballooning.lt\/en\/"},{"@type":"ListItem","position":2,"name":"Flights","item":"https:\/\/ballooning.lt\/en\/flights\/"},{"@type":"ListItem","position":3,"name":"Hot air balloon flight over \u0160iauliai"}]},{"@type":"WebSite","@id":"https:\/\/ballooning.lt\/en\/#website","url":"https:\/\/ballooning.lt\/en\/","name":"Ballooning.lt","description":"Oreivyst\u0117s Centras","potentialAction":[{"@type":"SearchAction","target":{"@type":"EntryPoint","urlTemplate":"https:\/\/ballooning.lt\/en\/?s={search_term_string}"},"query-input":{"@type":"PropertyValueSpecification","valueRequired":true,"valueName":"search_term_string"}}],"inLanguage":"en-US"}]}},"_links":{"self":[{"href":"https:\/\/ballooning.lt\/en\/wp-json\/wp\/v2\/product\/1729","targetHints":{"allow":["GET"]}}],"collection":[{"href":"https:\/\/ballooning.lt\/en\/wp-json\/wp\/v2\/product"}],"about":[{"href":"https:\/\/ballooning.lt\/en\/wp-json\/wp\/v2\/types\/product"}],"wp:featuredmedia":[{"embeddable":true,"href":"https:\/\/ballooning.lt\/en\/wp-json\/wp\/v2\/media\/2347"}],"wp:attachment":[{"href":"https:\/\/ballooning.lt\/en\/wp-json\/wp\/v2\/media?parent=1729"}],"wp:term":[{"taxonomy":"product_brand","embeddable":true,"href":"https:\/\/ballooning.lt\/en\/wp-json\/wp\/v2\/product_brand?post=1729"},{"taxonomy":"product_cat","embeddable":true,"href":"https:\/\/ballooning.lt\/en\/wp-json\/wp\/v2\/product_cat?post=1729"},{"taxonomy":"product_tag","embeddable":true,"href":"https:\/\/ballooning.lt\/en\/wp-json\/wp\/v2\/product_tag?post=1729"}],"curies":[{"name":"wp","href":"https:\/\/api.w.org\/{rel}","templated":true}]}}