{"id":1695,"date":"2020-06-04T14:54:04","date_gmt":"2020-06-04T14:54:04","guid":{"rendered":"https:\/\/ballooning.lt\/produktas\/skrydis-oro-balionu-pajuryje\/"},"modified":"2024-04-24T14:21:18","modified_gmt":"2024-04-24T11:21:18","slug":"hot-air-balloon-flight-over-klaipeda-palanga","status":"publish","type":"product","link":"https:\/\/ballooning.lt\/en\/product\/hot-air-balloon-flight-over-klaipeda-palanga\/","title":{"rendered":"Hot air balloon flight over Klaip\u0117da or Tel\u0161iai"},"content":{"rendered":"<p><strong>A hot air balloon flight in Klaip\u0117da or Tel\u0161iai <\/strong>will leave indelible impressions! Balloons are the oldest and most romantic air vehicle. Invented in 1783, balloons are still widely used today. Due to their aristocratic nature, hot air balloons are considered a privilege of the rich, and hot air ballooning is considered to be an aristocratic occupation.<\/p>\n<p><strong>What could be more exclusive than a flight in the Lithuanian port of Klaipeda or Palanga? Where the rippling sea is near, harbor cranes, or gracefully rotating windmills&#8230;<\/strong><\/p>\n<p>Balloons in Klaip\u0117da usually start at the Dane River and aim to fly through the entire port city. In Palanga, the balloons start in the stadium or in another chosen place. Flights in Klaipeda and Palanga are affected by the maritime climate and breezes (in the morning the balloons usually fly towards the sea, in the evening &#8211; from the sea).<\/p>\n<p>Flights at the Seaside are rarer due to the prevailing strong winds. If you have the opportunity, come to Vilnius, Trakai or Kaunas, here we will delight you with an equally impressive flight. If not, we will take the opportunity and gladly fly you to the seaside. After all, Klaip\u0117da and Palanga are definitely worth it! ..<\/p>\n<p id=\"tw-target-text\" class=\"tw-data-text tw-text-large XcVN5d tw-ta\" dir=\"ltr\" data-placeholder=\"Vertimas\"><span lang=\"en\">Flights in Klaip\u0117da take place in a group of at least 6 people. Please contact us in advance for flight details.<\/span><\/p>\n<p><strong>The flight price include:<\/strong><\/p>\n<ul>\n<li><strong>The reservation or Gift ticket is valid for 12 months from the date of purchase for a flight over Klaip\u0117da region or Tel\u0161iai, also over\u00a0 Vilnius or Trakai, Kaunas, Mol\u0117tai, Ukmerg\u0117, Alytus or Panev\u0117\u017eys, K\u0117dainiai or \u0160iauliai (by agreement between the passenger and Ballooning.lt).\u00a0<\/strong><\/li>\n<li>Flight duration is usually 1 hour, but depending on weather conditions, air traffic control requirements and other circumstances, entertainment may last from 0:45 to 1:15 hours. The full duration of the entertainment is 3-4 hours.<\/li>\n<li>Pre-flight information is provided.<\/li>\n<li>Flight safety briefing at the balloon take-off area.<\/li>\n<li>Professional pilot services, the attention of a friendly team.<\/li>\n<li>A glass of sparkling drink after the flight.<\/li>\n<li>Flight certificate award procedure.<\/li>\n<li>Transfer of passengers from the meeting place to the balloon take-off point, as well as transfer from the balloon landing point to the meeting place.<\/li>\n<li>Passenger health insurance in the amount of 250,000 euros \/ person.<\/li>\n<li>It is possible to pay in cash or by card after the flight, as well as by transfer on the day of the flight.<\/li>\n<li>All prices include VAT.<\/li>\n<\/ul>\n<p>&nbsp;<\/p>\n","protected":false},"excerpt":{"rendered":"<p>A hot air balloon flight in Klaip\u0117da or Tel\u0161iai will leave indelible impressions! Balloons are the oldest and most romantic air vehicle. Invented in 1783, balloons are still widely used today. Due to their aristocratic nature, hot air balloons are considered a privilege of the rich, and hot air ballooning is considered to be an [&hellip;]<\/p>\n","protected":false},"featured_media":733,"template":"","meta":{"_acf_changed":false},"product_brand":[],"product_cat":[87],"product_tag":[],"class_list":{"0":"post-1695","1":"product","2":"type-product","3":"status-publish","4":"has-post-thumbnail","6":"product_cat-hot-air-balloon-flight","8":"first","9":"instock","10":"shipping-taxable","11":"purchasable","12":"product-type-variable","13":"has-default-attributes"},"acf":[],"yoast_head":"<!-- This site is optimized with the Yoast SEO plugin v26.8 - https:\/\/yoast.com\/product\/yoast-seo-wordpress\/ -->\n<title>Hot air ballooning over seaside| Ballooning.lt<\/title>\n<meta name=\"description\" content=\"What could be more romantic than a hot air balloon flight in Klaipeda or Palanga? And the rippling sea, and the harbor cranes, and the gracefully rotating windmills!\" \/>\n<meta name=\"robots\" content=\"index, follow, max-snippet:-1, max-image-preview:large, max-video-preview:-1\" \/>\n<link rel=\"canonical\" href=\"https:\/\/ballooning.lt\/en\/product\/hot-air-balloon-flight-over-klaipeda-palanga\/\" \/>\n<meta property=\"og:type\" content=\"article\" \/>\n<meta property=\"og:title\" content=\"Hot air ballooning over seaside| Ballooning.lt\" \/>\n<meta property=\"og:description\" content=\"What could be more romantic than a hot air balloon flight in Klaipeda or Palanga? And the rippling sea, and the harbor cranes, and the gracefully rotating windmills!\" \/>\n<meta property=\"og:url\" content=\"https:\/\/ballooning.lt\/en\/product\/hot-air-balloon-flight-over-klaipeda-palanga\/\" \/>\n<meta property=\"og:site_name\" content=\"Ballooning.lt\" \/>\n<meta property=\"article:modified_time\" content=\"2024-04-24T11:21:18+00:00\" \/>\n<meta property=\"og:image\" content=\"https:\/\/ballooning.lt\/wp-content\/uploads\/2020\/06\/Oreivystes-centras-Klaipeda-3.jpg\" \/>\n\t<meta property=\"og:image:width\" content=\"2048\" \/>\n\t<meta property=\"og:image:height\" content=\"1536\" \/>\n\t<meta property=\"og:image:type\" content=\"image\/jpeg\" \/>\n<meta name=\"twitter:card\" content=\"summary_large_image\" \/>\n<meta name=\"twitter:label1\" content=\"Est. reading time\" \/>\n\t<meta name=\"twitter:data1\" content=\"3 minutes\" \/>\n<script type=\"application\/ld+json\" class=\"yoast-schema-graph\">{\"@context\":\"https:\/\/schema.org\",\"@graph\":[{\"@type\":\"WebPage\",\"@id\":\"https:\/\/ballooning.lt\/en\/product\/hot-air-balloon-flight-over-klaipeda-palanga\/\",\"url\":\"https:\/\/ballooning.lt\/en\/product\/hot-air-balloon-flight-over-klaipeda-palanga\/\",\"name\":\"Hot air ballooning over seaside| Ballooning.lt\",\"isPartOf\":{\"@id\":\"https:\/\/ballooning.lt\/en\/#website\"},\"primaryImageOfPage\":{\"@id\":\"https:\/\/ballooning.lt\/en\/product\/hot-air-balloon-flight-over-klaipeda-palanga\/#primaryimage\"},\"image\":{\"@id\":\"https:\/\/ballooning.lt\/en\/product\/hot-air-balloon-flight-over-klaipeda-palanga\/#primaryimage\"},\"thumbnailUrl\":\"https:\/\/ballooning.lt\/wp-content\/uploads\/2020\/06\/Oreivystes-centras-Klaipeda-3.jpg\",\"datePublished\":\"2020-06-04T14:54:04+00:00\",\"dateModified\":\"2024-04-24T11:21:18+00:00\",\"description\":\"What could be more romantic than a hot air balloon flight in Klaipeda or Palanga? And the rippling sea, and the harbor cranes, and the gracefully rotating windmills!\",\"breadcrumb\":{\"@id\":\"https:\/\/ballooning.lt\/en\/product\/hot-air-balloon-flight-over-klaipeda-palanga\/#breadcrumb\"},\"inLanguage\":\"en-US\",\"potentialAction\":[{\"@type\":\"ReadAction\",\"target\":[\"https:\/\/ballooning.lt\/en\/product\/hot-air-balloon-flight-over-klaipeda-palanga\/\"]}]},{\"@type\":\"ImageObject\",\"inLanguage\":\"en-US\",\"@id\":\"https:\/\/ballooning.lt\/en\/product\/hot-air-balloon-flight-over-klaipeda-palanga\/#primaryimage\",\"url\":\"https:\/\/ballooning.lt\/wp-content\/uploads\/2020\/06\/Oreivystes-centras-Klaipeda-3.jpg\",\"contentUrl\":\"https:\/\/ballooning.lt\/wp-content\/uploads\/2020\/06\/Oreivystes-centras-Klaipeda-3.jpg\",\"width\":2048,\"height\":1536},{\"@type\":\"BreadcrumbList\",\"@id\":\"https:\/\/ballooning.lt\/en\/product\/hot-air-balloon-flight-over-klaipeda-palanga\/#breadcrumb\",\"itemListElement\":[{\"@type\":\"ListItem\",\"position\":1,\"name\":\"Home\",\"item\":\"https:\/\/ballooning.lt\/en\/\"},{\"@type\":\"ListItem\",\"position\":2,\"name\":\"Flights\",\"item\":\"https:\/\/ballooning.lt\/en\/flights\/\"},{\"@type\":\"ListItem\",\"position\":3,\"name\":\"Hot air balloon flight over Klaip\u0117da or Tel\u0161iai\"}]},{\"@type\":\"WebSite\",\"@id\":\"https:\/\/ballooning.lt\/en\/#website\",\"url\":\"https:\/\/ballooning.lt\/en\/\",\"name\":\"Ballooning.lt\",\"description\":\"Oreivyst\u0117s Centras\",\"potentialAction\":[{\"@type\":\"SearchAction\",\"target\":{\"@type\":\"EntryPoint\",\"urlTemplate\":\"https:\/\/ballooning.lt\/en\/?s={search_term_string}\"},\"query-input\":{\"@type\":\"PropertyValueSpecification\",\"valueRequired\":true,\"valueName\":\"search_term_string\"}}],\"inLanguage\":\"en-US\"}]}<\/script>\n<!-- \/ Yoast SEO plugin. -->","yoast_head_json":{"title":"Hot air ballooning over seaside| Ballooning.lt","description":"What could be more romantic than a hot air balloon flight in Klaipeda or Palanga? And the rippling sea, and the harbor cranes, and the gracefully rotating windmills!","robots":{"index":"index","follow":"follow","max-snippet":"max-snippet:-1","max-image-preview":"max-image-preview:large","max-video-preview":"max-video-preview:-1"},"canonical":"https:\/\/ballooning.lt\/en\/product\/hot-air-balloon-flight-over-klaipeda-palanga\/","og_type":"article","og_title":"Hot air ballooning over seaside| Ballooning.lt","og_description":"What could be more romantic than a hot air balloon flight in Klaipeda or Palanga? And the rippling sea, and the harbor cranes, and the gracefully rotating windmills!","og_url":"https:\/\/ballooning.lt\/en\/product\/hot-air-balloon-flight-over-klaipeda-palanga\/","og_site_name":"Ballooning.lt","article_modified_time":"2024-04-24T11:21:18+00:00","og_image":[{"width":2048,"height":1536,"url":"https:\/\/ballooning.lt\/wp-content\/uploads\/2020\/06\/Oreivystes-centras-Klaipeda-3.jpg","type":"image\/jpeg"}],"twitter_card":"summary_large_image","twitter_misc":{"Est. reading time":"3 minutes"},"schema":{"@context":"https:\/\/schema.org","@graph":[{"@type":"WebPage","@id":"https:\/\/ballooning.lt\/en\/product\/hot-air-balloon-flight-over-klaipeda-palanga\/","url":"https:\/\/ballooning.lt\/en\/product\/hot-air-balloon-flight-over-klaipeda-palanga\/","name":"Hot air ballooning over seaside| Ballooning.lt","isPartOf":{"@id":"https:\/\/ballooning.lt\/en\/#website"},"primaryImageOfPage":{"@id":"https:\/\/ballooning.lt\/en\/product\/hot-air-balloon-flight-over-klaipeda-palanga\/#primaryimage"},"image":{"@id":"https:\/\/ballooning.lt\/en\/product\/hot-air-balloon-flight-over-klaipeda-palanga\/#primaryimage"},"thumbnailUrl":"https:\/\/ballooning.lt\/wp-content\/uploads\/2020\/06\/Oreivystes-centras-Klaipeda-3.jpg","datePublished":"2020-06-04T14:54:04+00:00","dateModified":"2024-04-24T11:21:18+00:00","description":"What could be more romantic than a hot air balloon flight in Klaipeda or Palanga? And the rippling sea, and the harbor cranes, and the gracefully rotating windmills!","breadcrumb":{"@id":"https:\/\/ballooning.lt\/en\/product\/hot-air-balloon-flight-over-klaipeda-palanga\/#breadcrumb"},"inLanguage":"en-US","potentialAction":[{"@type":"ReadAction","target":["https:\/\/ballooning.lt\/en\/product\/hot-air-balloon-flight-over-klaipeda-palanga\/"]}]},{"@type":"ImageObject","inLanguage":"en-US","@id":"https:\/\/ballooning.lt\/en\/product\/hot-air-balloon-flight-over-klaipeda-palanga\/#primaryimage","url":"https:\/\/ballooning.lt\/wp-content\/uploads\/2020\/06\/Oreivystes-centras-Klaipeda-3.jpg","contentUrl":"https:\/\/ballooning.lt\/wp-content\/uploads\/2020\/06\/Oreivystes-centras-Klaipeda-3.jpg","width":2048,"height":1536},{"@type":"BreadcrumbList","@id":"https:\/\/ballooning.lt\/en\/product\/hot-air-balloon-flight-over-klaipeda-palanga\/#breadcrumb","itemListElement":[{"@type":"ListItem","position":1,"name":"Home","item":"https:\/\/ballooning.lt\/en\/"},{"@type":"ListItem","position":2,"name":"Flights","item":"https:\/\/ballooning.lt\/en\/flights\/"},{"@type":"ListItem","position":3,"name":"Hot air balloon flight over Klaip\u0117da or Tel\u0161iai"}]},{"@type":"WebSite","@id":"https:\/\/ballooning.lt\/en\/#website","url":"https:\/\/ballooning.lt\/en\/","name":"Ballooning.lt","description":"Oreivyst\u0117s Centras","potentialAction":[{"@type":"SearchAction","target":{"@type":"EntryPoint","urlTemplate":"https:\/\/ballooning.lt\/en\/?s={search_term_string}"},"query-input":{"@type":"PropertyValueSpecification","valueRequired":true,"valueName":"search_term_string"}}],"inLanguage":"en-US"}]}},"_links":{"self":[{"href":"https:\/\/ballooning.lt\/en\/wp-json\/wp\/v2\/product\/1695","targetHints":{"allow":["GET"]}}],"collection":[{"href":"https:\/\/ballooning.lt\/en\/wp-json\/wp\/v2\/product"}],"about":[{"href":"https:\/\/ballooning.lt\/en\/wp-json\/wp\/v2\/types\/product"}],"wp:featuredmedia":[{"embeddable":true,"href":"https:\/\/ballooning.lt\/en\/wp-json\/wp\/v2\/media\/733"}],"wp:attachment":[{"href":"https:\/\/ballooning.lt\/en\/wp-json\/wp\/v2\/media?parent=1695"}],"wp:term":[{"taxonomy":"product_brand","embeddable":true,"href":"https:\/\/ballooning.lt\/en\/wp-json\/wp\/v2\/product_brand?post=1695"},{"taxonomy":"product_cat","embeddable":true,"href":"https:\/\/ballooning.lt\/en\/wp-json\/wp\/v2\/product_cat?post=1695"},{"taxonomy":"product_tag","embeddable":true,"href":"https:\/\/ballooning.lt\/en\/wp-json\/wp\/v2\/product_tag?post=1695"}],"curies":[{"name":"wp","href":"https:\/\/api.w.org\/{rel}","templated":true}]}}