{"id":1655,"date":"2020-06-04T14:57:50","date_gmt":"2020-06-04T14:57:50","guid":{"rendered":"https:\/\/ballooning.lt\/produktas\/pirslybos-oro-balione\/"},"modified":"2020-11-17T19:06:30","modified_gmt":"2020-11-17T17:06:30","slug":"matchmaking-in-the-sky-over-vilnius-or-trakai","status":"publish","type":"product","link":"https:\/\/ballooning.lt\/en\/product\/matchmaking-in-the-sky-over-vilnius-or-trakai\/","title":{"rendered":"Matchmaking in the Sky over Vilnius or Trakai"},"content":{"rendered":"<p><strong>Looking for original way to ask your girlfriend to marry you? Want to make this day memorable? Let\u2019s do the miracle in a balloon.<\/strong><\/p>\n<p>You will be offered a unique flight &#8211; just you two and your pilot, spectacular scenery and festive mood. You will enjoy each other and your romantic feelings during the flight. The pilot will help you pick the best time for an opportunity to ask for the hand of your chosen one. You will be treated to champagne after \/ during the flight.<\/p>\n<p><strong>Believe us, she will say &#8220;yes&#8221;&#8230;<\/strong><\/p>\n<p><strong>The flight price include:<\/strong><\/p>\n<ul>\n<li><strong>The reservation or Gift ticket is valid for 12 months from the date of purchase for a flight over Vilnius or Trakai.\u00a0For<\/strong> <strong>an extra charge the ticket is also valid for a flight over Kaunas, Mol\u0117tai, Ukmerg\u0117, Alytus or Panev\u0117\u017eys, in K\u0117dainiai, \u0160iauliai, Klaip\u0117da region (by agreement between the passenger and Ballooning.lt).<\/strong><\/li>\n<li>Flight duration is usually 1 hour, but depending on weather conditions, air traffic control requirements and other circumstances, entertainment may last from 0:45 to 1:15 hours. The full duration of the entertainment is 3-4 hours.<\/li>\n<li>Pre-flight information is provided.<\/li>\n<li>Flight safety briefing at the balloon take-off area.<\/li>\n<li>Professional pilot services, the attention of a friendly team.<\/li>\n<li>A glass of sparkling drink after the flight.<\/li>\n<li>Flight certificate award procedure.<\/li>\n<li>Transfer of passengers from the meeting place to the balloon take-off point, as well as transfer from the balloon landing point to the meeting place.<\/li>\n<li>Passenger health insurance in the amount of 250,000 euros \/ person.<\/li>\n<li>It is possible to pay in cash or by card after the flight, as well as by transfer on the day of the flight.<\/li>\n<li>All prices include VAT.<\/li>\n<\/ul>\n","protected":false},"excerpt":{"rendered":"<p>Looking for original way to ask your girlfriend to marry you? Want to make this day memorable? Let\u2019s do the miracle in a balloon. You will be offered a unique flight &#8211; just you two and your pilot, spectacular scenery and festive mood. You will enjoy each other and your romantic feelings during the flight. [&hellip;]<\/p>\n","protected":false},"featured_media":2365,"template":"","meta":{"_acf_changed":false},"product_brand":[],"product_cat":[89],"product_tag":[],"class_list":{"0":"post-1655","1":"product","2":"type-product","3":"status-publish","4":"has-post-thumbnail","6":"product_cat-romantic-flight","8":"first","9":"instock","10":"shipping-taxable","11":"purchasable","12":"product-type-variable","13":"has-default-attributes"},"acf":[],"yoast_head":"<!-- This site is optimized with the Yoast SEO plugin v26.8 - https:\/\/yoast.com\/product\/yoast-seo-wordpress\/ -->\n<title>Matchmaking in the Sky over Vilnius or Trakai | Ballooning.lt<\/title>\n<meta name=\"description\" content=\"Looking for original way to ask your girlfriend to marry you? Want to make this day memorable? Let\u2019s do the miracle in a balloon. Interested \u2013 let&#039;s talk!\" \/>\n<meta name=\"robots\" content=\"index, follow, max-snippet:-1, max-image-preview:large, max-video-preview:-1\" \/>\n<link rel=\"canonical\" href=\"https:\/\/ballooning.lt\/en\/product\/matchmaking-in-the-sky-over-vilnius-or-trakai\/\" \/>\n<meta property=\"og:type\" content=\"article\" \/>\n<meta property=\"og:title\" content=\"Matchmaking in the Sky over Vilnius or Trakai | Ballooning.lt\" \/>\n<meta property=\"og:description\" content=\"Looking for original way to ask your girlfriend to marry you? Want to make this day memorable? Let\u2019s do the miracle in a balloon. Interested \u2013 let&#039;s talk!\" \/>\n<meta property=\"og:url\" content=\"https:\/\/ballooning.lt\/en\/product\/matchmaking-in-the-sky-over-vilnius-or-trakai\/\" \/>\n<meta property=\"og:site_name\" content=\"Ballooning.lt\" \/>\n<meta property=\"article:modified_time\" content=\"2020-11-17T17:06:30+00:00\" \/>\n<meta property=\"og:image\" content=\"https:\/\/ballooning.lt\/wp-content\/uploads\/2020\/06\/balionu-traku-apylinkese.jpg\" \/>\n\t<meta property=\"og:image:width\" content=\"1920\" \/>\n\t<meta property=\"og:image:height\" content=\"2560\" \/>\n\t<meta property=\"og:image:type\" content=\"image\/jpeg\" \/>\n<meta name=\"twitter:card\" content=\"summary_large_image\" \/>\n<meta name=\"twitter:label1\" content=\"Est. reading time\" \/>\n\t<meta name=\"twitter:data1\" content=\"1 minute\" \/>\n<script type=\"application\/ld+json\" class=\"yoast-schema-graph\">{\"@context\":\"https:\/\/schema.org\",\"@graph\":[{\"@type\":\"WebPage\",\"@id\":\"https:\/\/ballooning.lt\/en\/product\/matchmaking-in-the-sky-over-vilnius-or-trakai\/\",\"url\":\"https:\/\/ballooning.lt\/en\/product\/matchmaking-in-the-sky-over-vilnius-or-trakai\/\",\"name\":\"Matchmaking in the Sky over Vilnius or Trakai | Ballooning.lt\",\"isPartOf\":{\"@id\":\"https:\/\/ballooning.lt\/en\/#website\"},\"primaryImageOfPage\":{\"@id\":\"https:\/\/ballooning.lt\/en\/product\/matchmaking-in-the-sky-over-vilnius-or-trakai\/#primaryimage\"},\"image\":{\"@id\":\"https:\/\/ballooning.lt\/en\/product\/matchmaking-in-the-sky-over-vilnius-or-trakai\/#primaryimage\"},\"thumbnailUrl\":\"https:\/\/ballooning.lt\/wp-content\/uploads\/2020\/06\/balionu-traku-apylinkese.jpg\",\"datePublished\":\"2020-06-04T14:57:50+00:00\",\"dateModified\":\"2020-11-17T17:06:30+00:00\",\"description\":\"Looking for original way to ask your girlfriend to marry you? Want to make this day memorable? Let\u2019s do the miracle in a balloon. Interested \u2013 let's talk!\",\"breadcrumb\":{\"@id\":\"https:\/\/ballooning.lt\/en\/product\/matchmaking-in-the-sky-over-vilnius-or-trakai\/#breadcrumb\"},\"inLanguage\":\"en-US\",\"potentialAction\":[{\"@type\":\"ReadAction\",\"target\":[\"https:\/\/ballooning.lt\/en\/product\/matchmaking-in-the-sky-over-vilnius-or-trakai\/\"]}]},{\"@type\":\"ImageObject\",\"inLanguage\":\"en-US\",\"@id\":\"https:\/\/ballooning.lt\/en\/product\/matchmaking-in-the-sky-over-vilnius-or-trakai\/#primaryimage\",\"url\":\"https:\/\/ballooning.lt\/wp-content\/uploads\/2020\/06\/balionu-traku-apylinkese.jpg\",\"contentUrl\":\"https:\/\/ballooning.lt\/wp-content\/uploads\/2020\/06\/balionu-traku-apylinkese.jpg\",\"width\":1920,\"height\":2560},{\"@type\":\"BreadcrumbList\",\"@id\":\"https:\/\/ballooning.lt\/en\/product\/matchmaking-in-the-sky-over-vilnius-or-trakai\/#breadcrumb\",\"itemListElement\":[{\"@type\":\"ListItem\",\"position\":1,\"name\":\"Home\",\"item\":\"https:\/\/ballooning.lt\/en\/\"},{\"@type\":\"ListItem\",\"position\":2,\"name\":\"Flights\",\"item\":\"https:\/\/ballooning.lt\/en\/flights\/\"},{\"@type\":\"ListItem\",\"position\":3,\"name\":\"Matchmaking in the Sky over Vilnius or Trakai\"}]},{\"@type\":\"WebSite\",\"@id\":\"https:\/\/ballooning.lt\/en\/#website\",\"url\":\"https:\/\/ballooning.lt\/en\/\",\"name\":\"Ballooning.lt\",\"description\":\"Oreivyst\u0117s Centras\",\"potentialAction\":[{\"@type\":\"SearchAction\",\"target\":{\"@type\":\"EntryPoint\",\"urlTemplate\":\"https:\/\/ballooning.lt\/en\/?s={search_term_string}\"},\"query-input\":{\"@type\":\"PropertyValueSpecification\",\"valueRequired\":true,\"valueName\":\"search_term_string\"}}],\"inLanguage\":\"en-US\"}]}<\/script>\n<!-- \/ Yoast SEO plugin. -->","yoast_head_json":{"title":"Matchmaking in the Sky over Vilnius or Trakai | Ballooning.lt","description":"Looking for original way to ask your girlfriend to marry you? Want to make this day memorable? Let\u2019s do the miracle in a balloon. Interested \u2013 let's talk!","robots":{"index":"index","follow":"follow","max-snippet":"max-snippet:-1","max-image-preview":"max-image-preview:large","max-video-preview":"max-video-preview:-1"},"canonical":"https:\/\/ballooning.lt\/en\/product\/matchmaking-in-the-sky-over-vilnius-or-trakai\/","og_type":"article","og_title":"Matchmaking in the Sky over Vilnius or Trakai | Ballooning.lt","og_description":"Looking for original way to ask your girlfriend to marry you? Want to make this day memorable? Let\u2019s do the miracle in a balloon. Interested \u2013 let's talk!","og_url":"https:\/\/ballooning.lt\/en\/product\/matchmaking-in-the-sky-over-vilnius-or-trakai\/","og_site_name":"Ballooning.lt","article_modified_time":"2020-11-17T17:06:30+00:00","og_image":[{"width":1920,"height":2560,"url":"https:\/\/ballooning.lt\/wp-content\/uploads\/2020\/06\/balionu-traku-apylinkese.jpg","type":"image\/jpeg"}],"twitter_card":"summary_large_image","twitter_misc":{"Est. reading time":"1 minute"},"schema":{"@context":"https:\/\/schema.org","@graph":[{"@type":"WebPage","@id":"https:\/\/ballooning.lt\/en\/product\/matchmaking-in-the-sky-over-vilnius-or-trakai\/","url":"https:\/\/ballooning.lt\/en\/product\/matchmaking-in-the-sky-over-vilnius-or-trakai\/","name":"Matchmaking in the Sky over Vilnius or Trakai | Ballooning.lt","isPartOf":{"@id":"https:\/\/ballooning.lt\/en\/#website"},"primaryImageOfPage":{"@id":"https:\/\/ballooning.lt\/en\/product\/matchmaking-in-the-sky-over-vilnius-or-trakai\/#primaryimage"},"image":{"@id":"https:\/\/ballooning.lt\/en\/product\/matchmaking-in-the-sky-over-vilnius-or-trakai\/#primaryimage"},"thumbnailUrl":"https:\/\/ballooning.lt\/wp-content\/uploads\/2020\/06\/balionu-traku-apylinkese.jpg","datePublished":"2020-06-04T14:57:50+00:00","dateModified":"2020-11-17T17:06:30+00:00","description":"Looking for original way to ask your girlfriend to marry you? Want to make this day memorable? Let\u2019s do the miracle in a balloon. Interested \u2013 let's talk!","breadcrumb":{"@id":"https:\/\/ballooning.lt\/en\/product\/matchmaking-in-the-sky-over-vilnius-or-trakai\/#breadcrumb"},"inLanguage":"en-US","potentialAction":[{"@type":"ReadAction","target":["https:\/\/ballooning.lt\/en\/product\/matchmaking-in-the-sky-over-vilnius-or-trakai\/"]}]},{"@type":"ImageObject","inLanguage":"en-US","@id":"https:\/\/ballooning.lt\/en\/product\/matchmaking-in-the-sky-over-vilnius-or-trakai\/#primaryimage","url":"https:\/\/ballooning.lt\/wp-content\/uploads\/2020\/06\/balionu-traku-apylinkese.jpg","contentUrl":"https:\/\/ballooning.lt\/wp-content\/uploads\/2020\/06\/balionu-traku-apylinkese.jpg","width":1920,"height":2560},{"@type":"BreadcrumbList","@id":"https:\/\/ballooning.lt\/en\/product\/matchmaking-in-the-sky-over-vilnius-or-trakai\/#breadcrumb","itemListElement":[{"@type":"ListItem","position":1,"name":"Home","item":"https:\/\/ballooning.lt\/en\/"},{"@type":"ListItem","position":2,"name":"Flights","item":"https:\/\/ballooning.lt\/en\/flights\/"},{"@type":"ListItem","position":3,"name":"Matchmaking in the Sky over Vilnius or Trakai"}]},{"@type":"WebSite","@id":"https:\/\/ballooning.lt\/en\/#website","url":"https:\/\/ballooning.lt\/en\/","name":"Ballooning.lt","description":"Oreivyst\u0117s Centras","potentialAction":[{"@type":"SearchAction","target":{"@type":"EntryPoint","urlTemplate":"https:\/\/ballooning.lt\/en\/?s={search_term_string}"},"query-input":{"@type":"PropertyValueSpecification","valueRequired":true,"valueName":"search_term_string"}}],"inLanguage":"en-US"}]}},"_links":{"self":[{"href":"https:\/\/ballooning.lt\/en\/wp-json\/wp\/v2\/product\/1655","targetHints":{"allow":["GET"]}}],"collection":[{"href":"https:\/\/ballooning.lt\/en\/wp-json\/wp\/v2\/product"}],"about":[{"href":"https:\/\/ballooning.lt\/en\/wp-json\/wp\/v2\/types\/product"}],"wp:featuredmedia":[{"embeddable":true,"href":"https:\/\/ballooning.lt\/en\/wp-json\/wp\/v2\/media\/2365"}],"wp:attachment":[{"href":"https:\/\/ballooning.lt\/en\/wp-json\/wp\/v2\/media?parent=1655"}],"wp:term":[{"taxonomy":"product_brand","embeddable":true,"href":"https:\/\/ballooning.lt\/en\/wp-json\/wp\/v2\/product_brand?post=1655"},{"taxonomy":"product_cat","embeddable":true,"href":"https:\/\/ballooning.lt\/en\/wp-json\/wp\/v2\/product_cat?post=1655"},{"taxonomy":"product_tag","embeddable":true,"href":"https:\/\/ballooning.lt\/en\/wp-json\/wp\/v2\/product_tag?post=1655"}],"curies":[{"name":"wp","href":"https:\/\/api.w.org\/{rel}","templated":true}]}}