{"id":1565,"date":"2020-06-14T10:52:26","date_gmt":"2020-06-14T10:52:26","guid":{"rendered":"https:\/\/ballooning.lt\/produktas\/vip-skrydziai-oro-balionu-visoje-lietuvoje\/"},"modified":"2021-05-18T18:33:39","modified_gmt":"2021-05-18T15:33:39","slug":"vip-hot-air-balloon-flights-in-lithuania","status":"publish","type":"product","link":"https:\/\/ballooning.lt\/en\/product\/vip-hot-air-balloon-flights-in-lithuania\/","title":{"rendered":"VIP hot air balloon flights in Lithuania"},"content":{"rendered":"<p><strong>Do you want an original way to celebrate yout personal event?<\/strong> Or maybe you have guests and want to show them the city from a bird\u2019s eye view? Fly them in a hot air balloon.<\/p>\n<p><b>If you\u2019re celebrating a company birthday<\/b> or planning a party in the nature, make your guests happy with the company of the hor air balloon.<\/p>\n<p>We will be happy to arrange a VIP flight for you and your relatives, friends or team without anyone else in the balloon. Group flights are always fascinating, as flyers can admire not only the views of the city and nature, but also the many balloons flying nearby.<\/p>\n<p>The balloons can have from 4 to 16 crew members.<\/p>\n<p>We can offer you <a href=\"https:\/\/ballooning.lt\/en\/our-balloons\/\">4-seater, 6-seater, 7-seater, 8-seater, 9-seater or 14-16-seater<\/a> balloons.<\/p>\n<p><strong>The flight price include:<\/strong><\/p>\n<ul>\n<li><strong>The reservation or Gift ticket is valid for 12 months from the date of purchase for a flight over Vilnius or Trakai, also over Kaunas, Mol\u0117tai, Ukmerg\u0117, Alytus or Panev\u0117\u017eys, in K\u0117dainiai, \u0160iauliai, Klaip\u0117da region (by agreement between the passenger and Ballooning.lt).<\/strong><\/li>\n<li>Flight duration is usually 1 hour, but depending on weather conditions, air traffic control requirements and other circumstances, entertainment may last from 0:45 to 1:15 hours. The full duration of the entertainment is 3-4 hours.<\/li>\n<li>Pre-flight information is provided.<\/li>\n<li>Flight safety briefing at the balloon take-off area.<\/li>\n<li>Professional pilot services, the attention of a friendly team.<\/li>\n<li>A glass of sparkling drink after the flight.<\/li>\n<li>Flight certificate award procedure.<\/li>\n<li>Transfer of passengers from the meeting place to the balloon take-off point, as well as transfer from the balloon landing point to the meeting place.<\/li>\n<li>Passenger health insurance in the amount of 250,000 euros \/ person.<\/li>\n<li>It is possible to pay in cash or by card after the flight, as well as by transfer on the day of the flight.<\/li>\n<li>All prices include VAT.<\/li>\n<\/ul>\n","protected":false},"excerpt":{"rendered":"<p>Do you want an original way to celebrate yout personal event? Or maybe you have guests and want to show them the city from a bird\u2019s eye view? Fly them in a hot air balloon. If you\u2019re celebrating a company birthday or planning a party in the nature, make your guests happy with the company [&hellip;]<\/p>\n","protected":false},"featured_media":772,"template":"","meta":{"_acf_changed":false},"product_brand":[],"product_cat":[91],"product_tag":[],"class_list":{"0":"post-1565","1":"product","2":"type-product","3":"status-publish","4":"has-post-thumbnail","6":"product_cat-vip-flights","8":"first","9":"instock","10":"shipping-taxable","11":"purchasable","12":"product-type-variable"},"acf":[],"yoast_head":"<!-- This site is optimized with the Yoast SEO plugin v26.8 - https:\/\/yoast.com\/product\/yoast-seo-wordpress\/ -->\n<title>VIP hot air balloon rides in Lithuania | Ballooning.lt<\/title>\n<meta name=\"description\" content=\"We will be happy to arrange a VIP flight for you. Only your family, relatives, friends or team will fly on the hot air balloon. Experience the joy of flying together!\" \/>\n<meta name=\"robots\" content=\"index, follow, max-snippet:-1, max-image-preview:large, max-video-preview:-1\" \/>\n<link rel=\"canonical\" href=\"https:\/\/ballooning.lt\/en\/product\/vip-hot-air-balloon-flights-in-lithuania\/\" \/>\n<meta property=\"og:type\" content=\"article\" \/>\n<meta property=\"og:title\" content=\"VIP hot air balloon rides in Lithuania | Ballooning.lt\" \/>\n<meta property=\"og:description\" content=\"We will be happy to arrange a VIP flight for you. Only your family, relatives, friends or team will fly on the hot air balloon. Experience the joy of flying together!\" \/>\n<meta property=\"og:url\" content=\"https:\/\/ballooning.lt\/en\/product\/vip-hot-air-balloon-flights-in-lithuania\/\" \/>\n<meta property=\"og:site_name\" content=\"Ballooning.lt\" \/>\n<meta property=\"article:modified_time\" content=\"2021-05-18T15:33:39+00:00\" \/>\n<meta property=\"og:image\" content=\"https:\/\/ballooning.lt\/wp-content\/uploads\/2020\/06\/oro-balionu-svente.jpg\" \/>\n\t<meta property=\"og:image:width\" content=\"1920\" \/>\n\t<meta property=\"og:image:height\" content=\"2560\" \/>\n\t<meta property=\"og:image:type\" content=\"image\/jpeg\" \/>\n<meta name=\"twitter:card\" content=\"summary_large_image\" \/>\n<meta name=\"twitter:label1\" content=\"Est. reading time\" \/>\n\t<meta name=\"twitter:data1\" content=\"2 minutes\" \/>\n<script type=\"application\/ld+json\" class=\"yoast-schema-graph\">{\"@context\":\"https:\/\/schema.org\",\"@graph\":[{\"@type\":\"WebPage\",\"@id\":\"https:\/\/ballooning.lt\/en\/product\/vip-hot-air-balloon-flights-in-lithuania\/\",\"url\":\"https:\/\/ballooning.lt\/en\/product\/vip-hot-air-balloon-flights-in-lithuania\/\",\"name\":\"VIP hot air balloon rides in Lithuania | Ballooning.lt\",\"isPartOf\":{\"@id\":\"https:\/\/ballooning.lt\/en\/#website\"},\"primaryImageOfPage\":{\"@id\":\"https:\/\/ballooning.lt\/en\/product\/vip-hot-air-balloon-flights-in-lithuania\/#primaryimage\"},\"image\":{\"@id\":\"https:\/\/ballooning.lt\/en\/product\/vip-hot-air-balloon-flights-in-lithuania\/#primaryimage\"},\"thumbnailUrl\":\"https:\/\/ballooning.lt\/wp-content\/uploads\/2020\/06\/oro-balionu-svente.jpg\",\"datePublished\":\"2020-06-14T10:52:26+00:00\",\"dateModified\":\"2021-05-18T15:33:39+00:00\",\"description\":\"We will be happy to arrange a VIP flight for you. Only your family, relatives, friends or team will fly on the hot air balloon. Experience the joy of flying together!\",\"breadcrumb\":{\"@id\":\"https:\/\/ballooning.lt\/en\/product\/vip-hot-air-balloon-flights-in-lithuania\/#breadcrumb\"},\"inLanguage\":\"en-US\",\"potentialAction\":[{\"@type\":\"ReadAction\",\"target\":[\"https:\/\/ballooning.lt\/en\/product\/vip-hot-air-balloon-flights-in-lithuania\/\"]}]},{\"@type\":\"ImageObject\",\"inLanguage\":\"en-US\",\"@id\":\"https:\/\/ballooning.lt\/en\/product\/vip-hot-air-balloon-flights-in-lithuania\/#primaryimage\",\"url\":\"https:\/\/ballooning.lt\/wp-content\/uploads\/2020\/06\/oro-balionu-svente.jpg\",\"contentUrl\":\"https:\/\/ballooning.lt\/wp-content\/uploads\/2020\/06\/oro-balionu-svente.jpg\",\"width\":1920,\"height\":2560,\"caption\":\"smacap_Bright\"},{\"@type\":\"BreadcrumbList\",\"@id\":\"https:\/\/ballooning.lt\/en\/product\/vip-hot-air-balloon-flights-in-lithuania\/#breadcrumb\",\"itemListElement\":[{\"@type\":\"ListItem\",\"position\":1,\"name\":\"Home\",\"item\":\"https:\/\/ballooning.lt\/en\/\"},{\"@type\":\"ListItem\",\"position\":2,\"name\":\"Flights\",\"item\":\"https:\/\/ballooning.lt\/en\/flights\/\"},{\"@type\":\"ListItem\",\"position\":3,\"name\":\"VIP hot air balloon flights in Lithuania\"}]},{\"@type\":\"WebSite\",\"@id\":\"https:\/\/ballooning.lt\/en\/#website\",\"url\":\"https:\/\/ballooning.lt\/en\/\",\"name\":\"Ballooning.lt\",\"description\":\"Oreivyst\u0117s Centras\",\"potentialAction\":[{\"@type\":\"SearchAction\",\"target\":{\"@type\":\"EntryPoint\",\"urlTemplate\":\"https:\/\/ballooning.lt\/en\/?s={search_term_string}\"},\"query-input\":{\"@type\":\"PropertyValueSpecification\",\"valueRequired\":true,\"valueName\":\"search_term_string\"}}],\"inLanguage\":\"en-US\"}]}<\/script>\n<!-- \/ Yoast SEO plugin. -->","yoast_head_json":{"title":"VIP hot air balloon rides in Lithuania | Ballooning.lt","description":"We will be happy to arrange a VIP flight for you. Only your family, relatives, friends or team will fly on the hot air balloon. Experience the joy of flying together!","robots":{"index":"index","follow":"follow","max-snippet":"max-snippet:-1","max-image-preview":"max-image-preview:large","max-video-preview":"max-video-preview:-1"},"canonical":"https:\/\/ballooning.lt\/en\/product\/vip-hot-air-balloon-flights-in-lithuania\/","og_type":"article","og_title":"VIP hot air balloon rides in Lithuania | Ballooning.lt","og_description":"We will be happy to arrange a VIP flight for you. Only your family, relatives, friends or team will fly on the hot air balloon. Experience the joy of flying together!","og_url":"https:\/\/ballooning.lt\/en\/product\/vip-hot-air-balloon-flights-in-lithuania\/","og_site_name":"Ballooning.lt","article_modified_time":"2021-05-18T15:33:39+00:00","og_image":[{"width":1920,"height":2560,"url":"https:\/\/ballooning.lt\/wp-content\/uploads\/2020\/06\/oro-balionu-svente.jpg","type":"image\/jpeg"}],"twitter_card":"summary_large_image","twitter_misc":{"Est. reading time":"2 minutes"},"schema":{"@context":"https:\/\/schema.org","@graph":[{"@type":"WebPage","@id":"https:\/\/ballooning.lt\/en\/product\/vip-hot-air-balloon-flights-in-lithuania\/","url":"https:\/\/ballooning.lt\/en\/product\/vip-hot-air-balloon-flights-in-lithuania\/","name":"VIP hot air balloon rides in Lithuania | Ballooning.lt","isPartOf":{"@id":"https:\/\/ballooning.lt\/en\/#website"},"primaryImageOfPage":{"@id":"https:\/\/ballooning.lt\/en\/product\/vip-hot-air-balloon-flights-in-lithuania\/#primaryimage"},"image":{"@id":"https:\/\/ballooning.lt\/en\/product\/vip-hot-air-balloon-flights-in-lithuania\/#primaryimage"},"thumbnailUrl":"https:\/\/ballooning.lt\/wp-content\/uploads\/2020\/06\/oro-balionu-svente.jpg","datePublished":"2020-06-14T10:52:26+00:00","dateModified":"2021-05-18T15:33:39+00:00","description":"We will be happy to arrange a VIP flight for you. Only your family, relatives, friends or team will fly on the hot air balloon. Experience the joy of flying together!","breadcrumb":{"@id":"https:\/\/ballooning.lt\/en\/product\/vip-hot-air-balloon-flights-in-lithuania\/#breadcrumb"},"inLanguage":"en-US","potentialAction":[{"@type":"ReadAction","target":["https:\/\/ballooning.lt\/en\/product\/vip-hot-air-balloon-flights-in-lithuania\/"]}]},{"@type":"ImageObject","inLanguage":"en-US","@id":"https:\/\/ballooning.lt\/en\/product\/vip-hot-air-balloon-flights-in-lithuania\/#primaryimage","url":"https:\/\/ballooning.lt\/wp-content\/uploads\/2020\/06\/oro-balionu-svente.jpg","contentUrl":"https:\/\/ballooning.lt\/wp-content\/uploads\/2020\/06\/oro-balionu-svente.jpg","width":1920,"height":2560,"caption":"smacap_Bright"},{"@type":"BreadcrumbList","@id":"https:\/\/ballooning.lt\/en\/product\/vip-hot-air-balloon-flights-in-lithuania\/#breadcrumb","itemListElement":[{"@type":"ListItem","position":1,"name":"Home","item":"https:\/\/ballooning.lt\/en\/"},{"@type":"ListItem","position":2,"name":"Flights","item":"https:\/\/ballooning.lt\/en\/flights\/"},{"@type":"ListItem","position":3,"name":"VIP hot air balloon flights in Lithuania"}]},{"@type":"WebSite","@id":"https:\/\/ballooning.lt\/en\/#website","url":"https:\/\/ballooning.lt\/en\/","name":"Ballooning.lt","description":"Oreivyst\u0117s Centras","potentialAction":[{"@type":"SearchAction","target":{"@type":"EntryPoint","urlTemplate":"https:\/\/ballooning.lt\/en\/?s={search_term_string}"},"query-input":{"@type":"PropertyValueSpecification","valueRequired":true,"valueName":"search_term_string"}}],"inLanguage":"en-US"}]}},"_links":{"self":[{"href":"https:\/\/ballooning.lt\/en\/wp-json\/wp\/v2\/product\/1565","targetHints":{"allow":["GET"]}}],"collection":[{"href":"https:\/\/ballooning.lt\/en\/wp-json\/wp\/v2\/product"}],"about":[{"href":"https:\/\/ballooning.lt\/en\/wp-json\/wp\/v2\/types\/product"}],"wp:featuredmedia":[{"embeddable":true,"href":"https:\/\/ballooning.lt\/en\/wp-json\/wp\/v2\/media\/772"}],"wp:attachment":[{"href":"https:\/\/ballooning.lt\/en\/wp-json\/wp\/v2\/media?parent=1565"}],"wp:term":[{"taxonomy":"product_brand","embeddable":true,"href":"https:\/\/ballooning.lt\/en\/wp-json\/wp\/v2\/product_brand?post=1565"},{"taxonomy":"product_cat","embeddable":true,"href":"https:\/\/ballooning.lt\/en\/wp-json\/wp\/v2\/product_cat?post=1565"},{"taxonomy":"product_tag","embeddable":true,"href":"https:\/\/ballooning.lt\/en\/wp-json\/wp\/v2\/product_tag?post=1565"}],"curies":[{"name":"wp","href":"https:\/\/api.w.org\/{rel}","templated":true}]}}