{"id":1263,"date":"2020-06-17T20:05:33","date_gmt":"2020-06-17T20:05:33","guid":{"rendered":"https:\/\/ballooning.lt\/?page_id=1263"},"modified":"2024-05-14T15:31:04","modified_gmt":"2024-05-14T12:31:04","slug":"we-do-you-see","status":"publish","type":"page","link":"https:\/\/ballooning.lt\/en\/we-do-you-see\/","title":{"rendered":"We do &#8211; you see"},"content":{"rendered":"<h3>During the history of its activity Ballooning Center Lithuania has organized over 30 impressive and unforgettable projects, which have won public attention and various awards. Here are some of them\u2026<\/h3>\n<p><a href=\"https:\/\/youtu.be\/oOofBePKhAs\">\u201eKylam\u201c: Oro balionai \u2013 skryd\u017ei\u0173 romantika<\/a><\/p>\n<p><a href=\"https:\/\/youtu.be\/oOofBePKhAs\">\u201eKylam\u201c: Ukmerg\u0117je var\u017e\u0117si Lietuvos ir u\u017esienio oreiviai<\/a><\/p>\n<p><a href=\"https:\/\/www.ziniuradijas.lt\/laidos\/svarus-pokalbis\/g-leskevicius-oro-balionai-aviacijoje-tarsi-dziazas-muzikoje?video=1\"> Le\u0161kevi\u010dius: oro balionai aviacijoje \u2013 tarsi d\u017eiazas muzikoje<\/a><\/p>\n<p>On the 9<sup>th<\/sup> of August, 2012 &#8211; &#8220;Piano.lt&#8221; summer festival welcome party &#8211; the world&#8217;s first piano flight in a hot air balloon (pilot Vytautas Sviderskis).<\/p>\n<p><iframe loading=\"lazy\" title=\"\u201ePiano.lt&quot; vasaros festivalio sutiktuv\u0117ms -- pirmasis pasaulyje fortepijono skrydis oro balionu\" width=\"500\" height=\"281\" src=\"https:\/\/www.youtube.com\/embed\/Pg6Viu8XqE0?feature=oembed\" frameborder=\"0\" allow=\"accelerometer; autoplay; clipboard-write; encrypted-media; gyroscope; picture-in-picture; web-share\" referrerpolicy=\"strict-origin-when-cross-origin\" allowfullscreen><\/iframe><\/p>\n<p>In March, 2012 &#8211; The joint team of the magazine &#8220;TopGear Lietuva&#8221; and the Aeronautics Center \/ Ballooning.lt accomplished breathtaking project: crossed the Smart Fortwo Cabriolet with a hot air balloon and performed the first free flight by a car in the history of aviation (pilot Aurimas Vengrys).<\/p>\n<p><iframe loading=\"lazy\" title=\"Oro amfibija | TopGear Lietuva\" width=\"500\" height=\"281\" src=\"https:\/\/www.youtube.com\/embed\/MQmys2hW0Ck?feature=oembed\" frameborder=\"0\" allow=\"accelerometer; autoplay; clipboard-write; encrypted-media; gyroscope; picture-in-picture; web-share\" referrerpolicy=\"strict-origin-when-cross-origin\" allowfullscreen><\/iframe><\/p>\n<p>&nbsp;<\/p>\n<h3><strong>Other projects<\/strong><\/h3>\n<p><strong>\u00a0<\/strong>In May of 2018, the Aviation Center celebrated its 21st anniversary. On this occasion, a high-level Hot Air Balloon Championship was organized in Ukmerge above the unique manors of the region.<\/p>\n<ul>\n<li>In May of 2007, the Aviation Center celebrated its 10th anniversary. On this occasion, a beautiful and colorful balloon regatta &#8220;STATOIL CUP 2007 &#8211; 10 years to Aviation Center&#8221; was organized.<\/li>\n<li>European air balloon championship, 2003, which took place in Vilnius has crowned the program \u201cEurocentras \u2013 Lithuania open to the world\u201d and invited about 100 air balloons from Europe to Vilnius. This was the largest air balloon event in Lithuania during the whole history of ballooning.<\/li>\n<li>In 2002 an international air balloon festival \u201cEurocentras 2002\u201d was combined with 3 sports events: European hot air balloon pre-championship, 10th Lithuanian and 2nd Latvian national championships.<\/li>\n<li>In 2001 international hot air balloon competition \u201cEurocentras 2001\u201d and 9th Lithuanian hot air balloon championship took place in Vilnius.<\/li>\n<li>In 2000 publishing of the only Lithuanian magazine on aviation \u201cLithuanian Wings\u201d having old traditions (published since 1935) has been regenerated.<\/li>\n<li>In 1999 hot air balloon festival \u201cEurocentras 99\u201d has been recognized by the media as one of the most impressive summer events in Vilnius.<\/li>\n<li>In 1997 the first hot air balloon event \u201cEurocentras 97\u201d and 5th Lithuanian air balloon championship were announced as the Renaissance of Lithuanian ballooning due to the harmony of innovation and old traditions.<\/li>\n<li>&#8220;Eurocentras \u2013 Lithuania open to the world\u201d \u2013 it is a long term program of air balloons events, which started in 1997. In 1997 \u2013 2003 according to this program Ballooning Centre has organized 7 hot air balloon events in Vilnius, Trakai and the Centre of Europe. These events were intended to mention the geographical centre of Europe.<\/li>\n<\/ul>\n<p>&nbsp;<\/p>\n<p>&nbsp;<\/p>\n","protected":false},"excerpt":{"rendered":"<p>During the history of its activity Ballooning Center Lithuania has organized over 30 impressive and unforgettable projects, which have won public attention and various awards. Here are some of them\u2026 \u201eKylam\u201c: Oro balionai \u2013 skryd\u017ei\u0173 romantika \u201eKylam\u201c: Ukmerg\u0117je var\u017e\u0117si Lietuvos ir u\u017esienio oreiviai Le\u0161kevi\u010dius: oro balionai aviacijoje \u2013 tarsi d\u017eiazas muzikoje On the 9th of [&hellip;]<\/p>\n","protected":false},"author":3,"featured_media":0,"parent":0,"menu_order":0,"comment_status":"closed","ping_status":"closed","template":"page-default.php","meta":{"_acf_changed":false,"footnotes":""},"class_list":["post-1263","page","type-page","status-publish","hentry"],"acf":[],"yoast_head":"<!-- This site is optimized with the Yoast SEO plugin v26.8 - https:\/\/yoast.com\/product\/yoast-seo-wordpress\/ -->\n<title>Hot air ballooning projects \u2013 Oreivyst\u0117s centras | Ballooning.lt<\/title>\n<meta name=\"description\" content=\"\u201eOreivyst\u0117s centras\u201c has organized a lot of impressive projects. One of them \u201ePiano.lt\u201c summer festival party \u2013 the world\u2019s first piano flight in a hot air balloon!\" \/>\n<meta name=\"robots\" content=\"index, follow, max-snippet:-1, max-image-preview:large, max-video-preview:-1\" \/>\n<link rel=\"canonical\" href=\"https:\/\/ballooning.lt\/en\/we-do-you-see\/\" \/>\n<meta property=\"og:type\" content=\"article\" \/>\n<meta property=\"og:title\" content=\"Hot air ballooning projects \u2013 Oreivyst\u0117s centras | Ballooning.lt\" \/>\n<meta property=\"og:description\" content=\"\u201eOreivyst\u0117s centras\u201c has organized a lot of impressive projects. One of them \u201ePiano.lt\u201c summer festival party \u2013 the world\u2019s first piano flight in a hot air balloon!\" \/>\n<meta property=\"og:url\" content=\"https:\/\/ballooning.lt\/en\/we-do-you-see\/\" \/>\n<meta property=\"og:site_name\" content=\"Ballooning.lt\" \/>\n<meta property=\"article:modified_time\" content=\"2024-05-14T12:31:04+00:00\" \/>\n<meta name=\"twitter:card\" content=\"summary_large_image\" \/>\n<meta name=\"twitter:label1\" content=\"Est. reading time\" \/>\n\t<meta name=\"twitter:data1\" content=\"3 minutes\" \/>\n<script type=\"application\/ld+json\" class=\"yoast-schema-graph\">{\"@context\":\"https:\/\/schema.org\",\"@graph\":[{\"@type\":\"WebPage\",\"@id\":\"https:\/\/ballooning.lt\/en\/we-do-you-see\/\",\"url\":\"https:\/\/ballooning.lt\/en\/we-do-you-see\/\",\"name\":\"Hot air ballooning projects \u2013 Oreivyst\u0117s centras | Ballooning.lt\",\"isPartOf\":{\"@id\":\"https:\/\/ballooning.lt\/en\/#website\"},\"datePublished\":\"2020-06-17T20:05:33+00:00\",\"dateModified\":\"2024-05-14T12:31:04+00:00\",\"description\":\"\u201eOreivyst\u0117s centras\u201c has organized a lot of impressive projects. One of them \u201ePiano.lt\u201c summer festival party \u2013 the world\u2019s first piano flight in a hot air balloon!\",\"breadcrumb\":{\"@id\":\"https:\/\/ballooning.lt\/en\/we-do-you-see\/#breadcrumb\"},\"inLanguage\":\"en-US\",\"potentialAction\":[{\"@type\":\"ReadAction\",\"target\":[\"https:\/\/ballooning.lt\/en\/we-do-you-see\/\"]}]},{\"@type\":\"BreadcrumbList\",\"@id\":\"https:\/\/ballooning.lt\/en\/we-do-you-see\/#breadcrumb\",\"itemListElement\":[{\"@type\":\"ListItem\",\"position\":1,\"name\":\"Home\",\"item\":\"https:\/\/ballooning.lt\/en\/\"},{\"@type\":\"ListItem\",\"position\":2,\"name\":\"We do &#8211; you see\"}]},{\"@type\":\"WebSite\",\"@id\":\"https:\/\/ballooning.lt\/en\/#website\",\"url\":\"https:\/\/ballooning.lt\/en\/\",\"name\":\"Ballooning.lt\",\"description\":\"Oreivyst\u0117s Centras\",\"potentialAction\":[{\"@type\":\"SearchAction\",\"target\":{\"@type\":\"EntryPoint\",\"urlTemplate\":\"https:\/\/ballooning.lt\/en\/?s={search_term_string}\"},\"query-input\":{\"@type\":\"PropertyValueSpecification\",\"valueRequired\":true,\"valueName\":\"search_term_string\"}}],\"inLanguage\":\"en-US\"}]}<\/script>\n<!-- \/ Yoast SEO plugin. -->","yoast_head_json":{"title":"Hot air ballooning projects \u2013 Oreivyst\u0117s centras | Ballooning.lt","description":"\u201eOreivyst\u0117s centras\u201c has organized a lot of impressive projects. One of them \u201ePiano.lt\u201c summer festival party \u2013 the world\u2019s first piano flight in a hot air balloon!","robots":{"index":"index","follow":"follow","max-snippet":"max-snippet:-1","max-image-preview":"max-image-preview:large","max-video-preview":"max-video-preview:-1"},"canonical":"https:\/\/ballooning.lt\/en\/we-do-you-see\/","og_type":"article","og_title":"Hot air ballooning projects \u2013 Oreivyst\u0117s centras | Ballooning.lt","og_description":"\u201eOreivyst\u0117s centras\u201c has organized a lot of impressive projects. One of them \u201ePiano.lt\u201c summer festival party \u2013 the world\u2019s first piano flight in a hot air balloon!","og_url":"https:\/\/ballooning.lt\/en\/we-do-you-see\/","og_site_name":"Ballooning.lt","article_modified_time":"2024-05-14T12:31:04+00:00","twitter_card":"summary_large_image","twitter_misc":{"Est. reading time":"3 minutes"},"schema":{"@context":"https:\/\/schema.org","@graph":[{"@type":"WebPage","@id":"https:\/\/ballooning.lt\/en\/we-do-you-see\/","url":"https:\/\/ballooning.lt\/en\/we-do-you-see\/","name":"Hot air ballooning projects \u2013 Oreivyst\u0117s centras | Ballooning.lt","isPartOf":{"@id":"https:\/\/ballooning.lt\/en\/#website"},"datePublished":"2020-06-17T20:05:33+00:00","dateModified":"2024-05-14T12:31:04+00:00","description":"\u201eOreivyst\u0117s centras\u201c has organized a lot of impressive projects. One of them \u201ePiano.lt\u201c summer festival party \u2013 the world\u2019s first piano flight in a hot air balloon!","breadcrumb":{"@id":"https:\/\/ballooning.lt\/en\/we-do-you-see\/#breadcrumb"},"inLanguage":"en-US","potentialAction":[{"@type":"ReadAction","target":["https:\/\/ballooning.lt\/en\/we-do-you-see\/"]}]},{"@type":"BreadcrumbList","@id":"https:\/\/ballooning.lt\/en\/we-do-you-see\/#breadcrumb","itemListElement":[{"@type":"ListItem","position":1,"name":"Home","item":"https:\/\/ballooning.lt\/en\/"},{"@type":"ListItem","position":2,"name":"We do &#8211; you see"}]},{"@type":"WebSite","@id":"https:\/\/ballooning.lt\/en\/#website","url":"https:\/\/ballooning.lt\/en\/","name":"Ballooning.lt","description":"Oreivyst\u0117s Centras","potentialAction":[{"@type":"SearchAction","target":{"@type":"EntryPoint","urlTemplate":"https:\/\/ballooning.lt\/en\/?s={search_term_string}"},"query-input":{"@type":"PropertyValueSpecification","valueRequired":true,"valueName":"search_term_string"}}],"inLanguage":"en-US"}]}},"_links":{"self":[{"href":"https:\/\/ballooning.lt\/en\/wp-json\/wp\/v2\/pages\/1263","targetHints":{"allow":["GET"]}}],"collection":[{"href":"https:\/\/ballooning.lt\/en\/wp-json\/wp\/v2\/pages"}],"about":[{"href":"https:\/\/ballooning.lt\/en\/wp-json\/wp\/v2\/types\/page"}],"author":[{"embeddable":true,"href":"https:\/\/ballooning.lt\/en\/wp-json\/wp\/v2\/users\/3"}],"replies":[{"embeddable":true,"href":"https:\/\/ballooning.lt\/en\/wp-json\/wp\/v2\/comments?post=1263"}],"version-history":[{"count":6,"href":"https:\/\/ballooning.lt\/en\/wp-json\/wp\/v2\/pages\/1263\/revisions"}],"predecessor-version":[{"id":12477,"href":"https:\/\/ballooning.lt\/en\/wp-json\/wp\/v2\/pages\/1263\/revisions\/12477"}],"wp:attachment":[{"href":"https:\/\/ballooning.lt\/en\/wp-json\/wp\/v2\/media?parent=1263"}],"curies":[{"name":"wp","href":"https:\/\/api.w.org\/{rel}","templated":true}]}}